{"id":91,"date":"2022-06-08T15:43:59","date_gmt":"2022-06-08T13:43:59","guid":{"rendered":"http:\/\/dev.ceonab.se\/?page_id=91"},"modified":"2025-12-01T12:00:06","modified_gmt":"2025-12-01T11:00:06","slug":"om-oss","status":"publish","type":"page","link":"https:\/\/ceonab.se\/en\/om-oss\/","title":{"rendered":"About us"},"content":{"rendered":"<p>[et_pb_section fb_built=&#8221;1&#8243; custom_padding_last_edited=&#8221;on|phone&#8221; module_class=&#8221;hero overlay-light&#8221; _builder_version=&#8221;4.27.4&#8243; _module_preset=&#8221;default&#8221; background_image=&#8221;https:\/\/ceonab.se\/wp-content\/uploads\/2025\/05\/ceon-lager-2000px.jpg&#8221; min_height=&#8221;400px&#8221; custom_padding=&#8221;100px|50px|100px|50px|true|true&#8221; custom_padding_tablet=&#8221;80px|30px|80px|30px|true|true&#8221; custom_padding_phone=&#8221;50px|20px|50px|20px|true|true&#8221; locked=&#8221;off&#8221; global_colors_info=&#8221;{}&#8221;][et_pb_row _builder_version=&#8221;4.27.4&#8243; _module_preset=&#8221;default&#8221; width=&#8221;100%&#8221; max_width=&#8221;1200px&#8221; custom_padding=&#8221;0px||0px||false|false&#8221; global_colors_info=&#8221;{}&#8221;][et_pb_column type=&#8221;4_4&#8243; _builder_version=&#8221;4.27.4&#8243; _module_preset=&#8221;default&#8221; global_colors_info=&#8221;{}&#8221;][et_pb_text _builder_version=&#8221;4.27.4&#8243; _module_preset=&#8221;default&#8221; header_text_color=&#8221;#FFFFFF&#8221; global_colors_info=&#8221;{}&#8221;]<\/p>\n<h1>Om oss<\/h1>\n<p>[\/et_pb_text][\/et_pb_column][\/et_pb_row][\/et_pb_section][et_pb_section fb_built=&#8221;1&#8243; custom_padding_last_edited=&#8221;on|phone&#8221; _builder_version=&#8221;4.27.4&#8243; _module_preset=&#8221;default&#8221; custom_padding=&#8221;100px|50px|100px|50px|true|true&#8221; custom_padding_tablet=&#8221;80px|30px|80px|30px|true|true&#8221; custom_padding_phone=&#8221;50px|20px|50px|20px|true|true&#8221; global_colors_info=&#8221;{}&#8221;][et_pb_row column_structure=&#8221;1_2,1_2&#8243; module_class=&#8221;split-section pr-0 split-content-align-center reverse&#8221; _builder_version=&#8221;4.27.4&#8243; _module_preset=&#8221;default&#8221; width=&#8221;100%&#8221; max_width=&#8221;1200px&#8221; custom_padding=&#8221;0px||0px||false|false&#8221; global_colors_info=&#8221;{}&#8221;][et_pb_column type=&#8221;1_2&#8243; _builder_version=&#8221;4.27.4&#8243; _module_preset=&#8221;default&#8221; global_colors_info=&#8221;{}&#8221;][et_pb_image src=&#8221;https:\/\/ceonab.se\/wp-content\/uploads\/2025\/05\/glad-man-1000px.jpg&#8221; title_text=&#8221;glad-man-1000px&#8221; _builder_version=&#8221;4.27.4&#8243; _module_preset=&#8221;default&#8221; global_colors_info=&#8221;{}&#8221;][\/et_pb_image][\/et_pb_column][et_pb_column type=&#8221;1_2&#8243; _builder_version=&#8221;4.27.4&#8243; _module_preset=&#8221;default&#8221; global_colors_info=&#8221;{}&#8221;][et_pb_text _builder_version=&#8221;4.18.0&#8243; _module_preset=&#8221;default&#8221; header_font=&#8221;|300|||||||&#8221; header_2_font=&#8221;|300|||||||&#8221; header_2_font_size=&#8221;30px&#8221; global_colors_info=&#8221;{}&#8221;]<\/p>\n<h2>En svenskbaserad specialist p\u00e5 ventiler och st\u00e4lldon<\/h2>\n<p>Ceon AB designar, producerar och lagerh\u00e5ller ett brett utbud av produkter f\u00f6r industriella och marina applikationer. Vi har en mycket l\u00e5ng erfarenhet av att leverera ventiler och st\u00e4lldon \u00f6ver hela v\u00e4rlden till n\u00e5gra av de mest kr\u00e4vande applikationerna som m\u00f6jligt.<\/p>\n<p>Vi levererar h\u00f6gkvalitativa produkter med korrekta certifikat och dokumentation, och v\u00e4lkomnar alla gamla och nya kunder. Vi \u00e4r en snabb och v\u00e4lutbildad organisation som kommer att g\u00f6ra det enkelt f\u00f6r dig och dina krav.<\/p>\n<p>[\/et_pb_text][\/et_pb_column][\/et_pb_row][\/et_pb_section][et_pb_section fb_built=&#8221;1&#8243; custom_padding_last_edited=&#8221;on|phone&#8221; _builder_version=&#8221;4.27.4&#8243; _module_preset=&#8221;default&#8221; background_color=&#8221;gcid-6927f7ea-8632-4922-ab8d-51822bdd5b37&#8243; custom_padding=&#8221;100px|50px|100px|50px|true|true&#8221; custom_padding_tablet=&#8221;80px|30px|80px|30px|true|true&#8221; custom_padding_phone=&#8221;50px|20px|50px|20px|true|true&#8221; global_colors_info=&#8221;{%22gcid-6927f7ea-8632-4922-ab8d-51822bdd5b37%22:%91%22background_color%22%93}&#8221;][et_pb_row column_structure=&#8221;1_2,1_2&#8243; custom_padding_last_edited=&#8221;off|desktop&#8221; module_class=&#8221;split-section pl-0 split-content-align-center&#8221; _builder_version=&#8221;4.27.4&#8243; _module_preset=&#8221;default&#8221; width=&#8221;100%&#8221; max_width=&#8221;1200px&#8221; custom_padding=&#8221;0px||0px||false|false&#8221; custom_padding_phone=&#8221;0px||||false|false&#8221; global_colors_info=&#8221;{}&#8221;][et_pb_column type=&#8221;1_2&#8243; _builder_version=&#8221;4.17.4&#8243; _module_preset=&#8221;default&#8221; global_colors_info=&#8221;{}&#8221;][et_pb_text _builder_version=&#8221;4.27.4&#8243; _module_preset=&#8221;default&#8221; header_3_font_size=&#8221;26px&#8221; header_3_line_height=&#8221;1.3em&#8221; global_colors_info=&#8221;{}&#8221;]<\/p>\n<h2>V\u00e5r historia<\/h2>\n<p>Ceon AB grundades 2015 i Laholm p\u00e5 den svenska v\u00e4stkusten. Grundarna har mycket l\u00e5ng erfarenhet av att tillverka och s\u00e4lja ventiler och st\u00e4lldon f\u00f6r s\u00e5v\u00e4l marinindustrin som allm\u00e4n industri.<\/p>\n<p>Vi \u00e4r ett flexibelt f\u00f6retag med ett mycket stort lager av ventiler vilket g\u00f6r att vi \u00e4r redo att leverera alla kunder, stora som sm\u00e5, snabbt och smidigt.<\/p>\n<p>Vi har ett v\u00e4rldsomfattande n\u00e4tverk av partners vilket ocks\u00e5 inneb\u00e4r att vi kan betj\u00e4na v\u00e5ra kunder var du \u00e4n beh\u00f6ver leverans.<\/p>\n<p>2020 startade vi \u00e4ven ett dotterbolag i Danmark, som tar hand om den danska marknaden.[\/et_pb_text][\/et_pb_column][et_pb_column type=&#8221;1_2&#8243; _builder_version=&#8221;4.17.4&#8243; _module_preset=&#8221;default&#8221; global_colors_info=&#8221;{}&#8221;][et_pb_image src=&#8221;https:\/\/ceonab.se\/wp-content\/uploads\/2025\/05\/ceon-lager-1000px.jpg&#8221; title_text=&#8221;ceon-lager-1000px&#8221; _builder_version=&#8221;4.27.4&#8243; _module_preset=&#8221;default&#8221; global_colors_info=&#8221;{}&#8221;][\/et_pb_image][\/et_pb_column][\/et_pb_row][\/et_pb_section][et_pb_section fb_built=&#8221;1&#8243; custom_padding_last_edited=&#8221;on|phone&#8221; _builder_version=&#8221;4.27.4&#8243; _module_preset=&#8221;default&#8221; background_color=&#8221;#2a5789&#8243; custom_padding=&#8221;100px|50px|100px|50px|true|true&#8221; custom_padding_tablet=&#8221;80px|30px|80px|30px|true|true&#8221; custom_padding_phone=&#8221;50px|20px|50px|20px|true|true&#8221; global_module=&#8221;1909&#8243; global_colors_info=&#8221;{}&#8221;][et_pb_row make_equal=&#8221;on&#8221; _builder_version=&#8221;4.27.4&#8243; _module_preset=&#8221;default&#8221; width=&#8221;100%&#8221; max_width=&#8221;1100px&#8221; custom_padding=&#8221;0px||40px||false|false&#8221; global_colors_info=&#8221;{}&#8221;][et_pb_column type=&#8221;4_4&#8243; _builder_version=&#8221;4.27.4&#8243; _module_preset=&#8221;default&#8221; global_colors_info=&#8221;{}&#8221;][et_pb_text _builder_version=&#8221;4.27.4&#8243; _module_preset=&#8221;default&#8221; header_2_text_color=&#8221;#FFFFFF&#8221; text_orientation=&#8221;center&#8221; global_colors_info=&#8221;{}&#8221;]<\/p>\n<h2>V\u00e5ra produktomr\u00e5den<\/h2>\n<p>[\/et_pb_text][\/et_pb_column][\/et_pb_row][et_pb_row column_structure=&#8221;1_3,1_3,1_3&#8243; make_equal=&#8221;on&#8221; module_class=&#8221;cards-wrapper w-33 area-cards&#8221; _builder_version=&#8221;4.27.4&#8243; _module_preset=&#8221;default&#8221; width=&#8221;100%&#8221; max_width=&#8221;1400px&#8221; custom_padding=&#8221;0px||0px||false|false&#8221; global_colors_info=&#8221;{}&#8221;][et_pb_column type=&#8221;1_3&#8243; _builder_version=&#8221;4.27.4&#8243; _module_preset=&#8221;default&#8221; link_option_url=&#8221;\/marina\/&#8221; global_colors_info=&#8221;{}&#8221;][et_pb_image src=&#8221;https:\/\/ceonab.se\/wp-content\/uploads\/2025\/04\/dummy-750px.jpg&#8221; title_text=&#8221;dummy-750px&#8221; show_bottom_space=&#8221;off&#8221; _builder_version=&#8221;4.27.4&#8243; _module_preset=&#8221;default&#8221; border_width_all=&#8221;1px&#8221; border_color_all=&#8221;#1e4672&#8243; global_colors_info=&#8221;{}&#8221;][\/et_pb_image][et_pb_text module_class=&#8221;area-tag&#8221; _builder_version=&#8221;4.27.4&#8243; _module_preset=&#8221;default&#8221; text_text_color=&#8221;#FFFFFF&#8221; header_2_text_color=&#8221;#FFFFFF&#8221; background_color=&#8221;gcid-9cd30497-133c-4558-9195-aa723212bad7&#8243; positioning=&#8221;absolute&#8221; vertical_offset=&#8221;30px&#8221; width=&#8221;120px&#8221; custom_margin=&#8221;||0px||false|false&#8221; custom_padding=&#8221;10px|15px|10px|15px|true|true&#8221; border_radii=&#8221;off||5px|5px|&#8221; global_colors_info=&#8221;{%22gcid-9cd30497-133c-4558-9195-aa723212bad7%22:%91%22background_color%22%93}&#8221;]<\/p>\n<h2 class=\"smaller-title\"><i class=\"fa-solid fa-anchor\"><\/i> Marin<\/h2>\n<p>[\/et_pb_text][et_pb_text _builder_version=&#8221;4.27.4&#8243; _module_preset=&#8221;default&#8221; text_text_color=&#8221;#FFFFFF&#8221; header_2_text_color=&#8221;#FFFFFF&#8221; custom_padding=&#8221;20px||||false|false&#8221; global_colors_info=&#8221;{}&#8221;]P\u00e5litliga ventiler och st\u00e4lldon f\u00f6r marina applikationer, med generationers erfarenhet och h\u00f6g kvalitet.[\/et_pb_text][\/et_pb_column][et_pb_column type=&#8221;1_3&#8243; _builder_version=&#8221;4.27.4&#8243; _module_preset=&#8221;default&#8221; link_option_url=&#8221;\/olja-och-gas\/&#8221; global_colors_info=&#8221;{}&#8221;][et_pb_image src=&#8221;https:\/\/ceonab.se\/wp-content\/uploads\/2025\/04\/ceon-ventil-750px.jpg&#8221; title_text=&#8221;ceon-ventil-750px&#8221; show_bottom_space=&#8221;off&#8221; _builder_version=&#8221;4.27.4&#8243; _module_preset=&#8221;default&#8221; border_width_all=&#8221;1px&#8221; border_color_all=&#8221;#1e4672&#8243; global_colors_info=&#8221;{}&#8221;][\/et_pb_image][et_pb_text module_class=&#8221;area-tag&#8221; _builder_version=&#8221;4.27.4&#8243; _module_preset=&#8221;default&#8221; text_text_color=&#8221;#FFFFFF&#8221; header_2_text_color=&#8221;#FFFFFF&#8221; background_color=&#8221;gcid-9cd30497-133c-4558-9195-aa723212bad7&#8243; positioning=&#8221;absolute&#8221; vertical_offset=&#8221;30px&#8221; width=&#8221;150px&#8221; custom_margin=&#8221;||0px||false|false&#8221; custom_padding=&#8221;10px|15px|10px|15px|true|true&#8221; border_radii=&#8221;off||5px|5px|&#8221; global_colors_info=&#8221;{%22gcid-9cd30497-133c-4558-9195-aa723212bad7%22:%91%22background_color%22%93}&#8221;]<\/p>\n<h2 class=\"smaller-title\"><i class=\"fa-solid fa-gas-pump\"><\/i> Olja &amp; gas<\/h2>\n<p>[\/et_pb_text][et_pb_text _builder_version=&#8221;4.27.4&#8243; _module_preset=&#8221;default&#8221; text_text_color=&#8221;#FFFFFF&#8221; header_2_text_color=&#8221;#FFFFFF&#8221; custom_padding=&#8221;20px||||false|false&#8221; global_colors_info=&#8221;{}&#8221;]Brett lager av ventiler f\u00f6r olja och gas, inklusive unika modeller f\u00f6r snabba och s\u00e4kra leveranser.[\/et_pb_text][\/et_pb_column][et_pb_column type=&#8221;1_3&#8243; _builder_version=&#8221;4.27.4&#8243; _module_preset=&#8221;default&#8221; link_option_url=&#8221;\/industri\/&#8221; global_colors_info=&#8221;{}&#8221;][et_pb_image src=&#8221;https:\/\/ceonab.se\/wp-content\/uploads\/2025\/04\/ceon-produkt-750px.jpg&#8221; title_text=&#8221;ceon-produkt-750px&#8221; show_bottom_space=&#8221;off&#8221; _builder_version=&#8221;4.27.4&#8243; _module_preset=&#8221;default&#8221; border_width_all=&#8221;1px&#8221; border_color_all=&#8221;#1e4672&#8243; global_colors_info=&#8221;{}&#8221;][\/et_pb_image][et_pb_text module_class=&#8221;area-tag&#8221; _builder_version=&#8221;4.27.4&#8243; _module_preset=&#8221;default&#8221; text_text_color=&#8221;#FFFFFF&#8221; header_2_text_color=&#8221;#FFFFFF&#8221; background_color=&#8221;gcid-9cd30497-133c-4558-9195-aa723212bad7&#8243; positioning=&#8221;absolute&#8221; vertical_offset=&#8221;30px&#8221; width=&#8221;140px&#8221; custom_margin=&#8221;||0px||false|false&#8221; custom_padding=&#8221;10px|15px|10px|15px|true|true&#8221; border_radii=&#8221;off||5px|5px|&#8221; global_colors_info=&#8221;{%22gcid-9cd30497-133c-4558-9195-aa723212bad7%22:%91%22background_color%22%93}&#8221;]<\/p>\n<h2 class=\"smaller-title\"><i class=\"fa-solid fa-industry\"><\/i> Industri<\/h2>\n<p>[\/et_pb_text][et_pb_text _builder_version=&#8221;4.27.4&#8243; _module_preset=&#8221;default&#8221; text_text_color=&#8221;#FFFFFF&#8221; header_2_text_color=&#8221;#FFFFFF&#8221; custom_padding=&#8221;20px||||false|false&#8221; global_colors_info=&#8221;{}&#8221;]Ventiler och l\u00f6sningar f\u00f6r kr\u00e4vande industrimilj\u00f6er, med fokus p\u00e5 drifts\u00e4kerhet och anpassning.[\/et_pb_text][\/et_pb_column][\/et_pb_row][\/et_pb_section]<\/p>\n","protected":false},"excerpt":{"rendered":"<p>Om ossEn svenskbaserad specialist p\u00e5 ventiler och st\u00e4lldon Ceon AB designar, producerar och lagerh\u00e5ller ett brett utbud av produkter f\u00f6r industriella och marina applikationer. Vi har en mycket l\u00e5ng erfarenhet av att leverera ventiler och st\u00e4lldon \u00f6ver hela v\u00e4rlden till n\u00e5gra av de mest kr\u00e4vande applikationerna som m\u00f6jligt. Vi levererar h\u00f6gkvalitativa produkter med korrekta certifikat [&hellip;]<\/p>\n","protected":false},"author":1,"featured_media":0,"parent":0,"menu_order":0,"comment_status":"closed","ping_status":"closed","template":"","meta":{"_et_pb_use_builder":"on","_et_pb_old_content":"","_et_gb_content_width":"","footnotes":""},"class_list":["post-91","page","type-page","status-publish","hentry"],"yoast_head":"<!-- This site is optimized with the Yoast SEO plugin v27.1.1 - https:\/\/yoast.com\/product\/yoast-seo-wordpress\/ -->\n<title>Om oss - Ceon AB<\/title>\n<meta name=\"robots\" content=\"index, follow, max-snippet:-1, max-image-preview:large, max-video-preview:-1\" \/>\n<link rel=\"canonical\" href=\"https:\/\/ceonab.se\/en\/om-oss\/\" \/>\n<meta property=\"og:locale\" content=\"en_US\" \/>\n<meta property=\"og:type\" content=\"article\" \/>\n<meta property=\"og:title\" content=\"Om oss - Ceon AB\" \/>\n<meta property=\"og:description\" content=\"Om ossEn svenskbaserad specialist p\u00e5 ventiler och st\u00e4lldon Ceon AB designar, producerar och lagerh\u00e5ller ett brett utbud av produkter f\u00f6r industriella och marina applikationer. Vi har en mycket l\u00e5ng erfarenhet av att leverera ventiler och st\u00e4lldon \u00f6ver hela v\u00e4rlden till n\u00e5gra av de mest kr\u00e4vande applikationerna som m\u00f6jligt. Vi levererar h\u00f6gkvalitativa produkter med korrekta certifikat [&hellip;]\" \/>\n<meta property=\"og:url\" content=\"https:\/\/ceonab.se\/en\/om-oss\/\" \/>\n<meta property=\"og:site_name\" content=\"Ceon AB\" \/>\n<meta property=\"article:modified_time\" content=\"2025-12-01T11:00:06+00:00\" \/>\n<meta name=\"twitter:card\" content=\"summary_large_image\" \/>\n<meta name=\"twitter:label1\" content=\"Est. reading time\" \/>\n\t<meta name=\"twitter:data1\" content=\"7 minutes\" \/>\n<script type=\"application\/ld+json\" class=\"yoast-schema-graph\">{\"@context\":\"https:\/\/schema.org\",\"@graph\":[{\"@type\":\"WebPage\",\"@id\":\"https:\/\/ceonab.se\/om-oss\/\",\"url\":\"https:\/\/ceonab.se\/om-oss\/\",\"name\":\"Om oss - Ceon AB\",\"isPartOf\":{\"@id\":\"https:\/\/ceonab.se\/#website\"},\"datePublished\":\"2022-06-08T13:43:59+00:00\",\"dateModified\":\"2025-12-01T11:00:06+00:00\",\"breadcrumb\":{\"@id\":\"https:\/\/ceonab.se\/om-oss\/#breadcrumb\"},\"inLanguage\":\"en-US\",\"potentialAction\":[{\"@type\":\"ReadAction\",\"target\":[\"https:\/\/ceonab.se\/om-oss\/\"]}]},{\"@type\":\"BreadcrumbList\",\"@id\":\"https:\/\/ceonab.se\/om-oss\/#breadcrumb\",\"itemListElement\":[{\"@type\":\"ListItem\",\"position\":1,\"name\":\"Hem\",\"item\":\"https:\/\/ceonab.se\/\"},{\"@type\":\"ListItem\",\"position\":2,\"name\":\"Om oss\"}]},{\"@type\":\"WebSite\",\"@id\":\"https:\/\/ceonab.se\/#website\",\"url\":\"https:\/\/ceonab.se\/\",\"name\":\"Ceon AB\",\"description\":\"En svenskbaserad specialist p\u00e5 ventiler och st\u00e4lldon\",\"potentialAction\":[{\"@type\":\"SearchAction\",\"target\":{\"@type\":\"EntryPoint\",\"urlTemplate\":\"https:\/\/ceonab.se\/?s={search_term_string}\"},\"query-input\":{\"@type\":\"PropertyValueSpecification\",\"valueRequired\":true,\"valueName\":\"search_term_string\"}}],\"inLanguage\":\"en-US\"}]}<\/script>\n<!-- \/ Yoast SEO plugin. -->","yoast_head_json":{"title":"Om oss - Ceon AB","robots":{"index":"index","follow":"follow","max-snippet":"max-snippet:-1","max-image-preview":"max-image-preview:large","max-video-preview":"max-video-preview:-1"},"canonical":"https:\/\/ceonab.se\/en\/om-oss\/","og_locale":"en_US","og_type":"article","og_title":"Om oss - Ceon AB","og_description":"Om ossEn svenskbaserad specialist p\u00e5 ventiler och st\u00e4lldon Ceon AB designar, producerar och lagerh\u00e5ller ett brett utbud av produkter f\u00f6r industriella och marina applikationer. Vi har en mycket l\u00e5ng erfarenhet av att leverera ventiler och st\u00e4lldon \u00f6ver hela v\u00e4rlden till n\u00e5gra av de mest kr\u00e4vande applikationerna som m\u00f6jligt. Vi levererar h\u00f6gkvalitativa produkter med korrekta certifikat [&hellip;]","og_url":"https:\/\/ceonab.se\/en\/om-oss\/","og_site_name":"Ceon AB","article_modified_time":"2025-12-01T11:00:06+00:00","twitter_card":"summary_large_image","twitter_misc":{"Est. reading time":"7 minutes"},"schema":{"@context":"https:\/\/schema.org","@graph":[{"@type":"WebPage","@id":"https:\/\/ceonab.se\/om-oss\/","url":"https:\/\/ceonab.se\/om-oss\/","name":"Om oss - Ceon AB","isPartOf":{"@id":"https:\/\/ceonab.se\/#website"},"datePublished":"2022-06-08T13:43:59+00:00","dateModified":"2025-12-01T11:00:06+00:00","breadcrumb":{"@id":"https:\/\/ceonab.se\/om-oss\/#breadcrumb"},"inLanguage":"en-US","potentialAction":[{"@type":"ReadAction","target":["https:\/\/ceonab.se\/om-oss\/"]}]},{"@type":"BreadcrumbList","@id":"https:\/\/ceonab.se\/om-oss\/#breadcrumb","itemListElement":[{"@type":"ListItem","position":1,"name":"Hem","item":"https:\/\/ceonab.se\/"},{"@type":"ListItem","position":2,"name":"Om oss"}]},{"@type":"WebSite","@id":"https:\/\/ceonab.se\/#website","url":"https:\/\/ceonab.se\/","name":"Ceon AB","description":"A Swedish-based specialist in valves and actuators","potentialAction":[{"@type":"SearchAction","target":{"@type":"EntryPoint","urlTemplate":"https:\/\/ceonab.se\/?s={search_term_string}"},"query-input":{"@type":"PropertyValueSpecification","valueRequired":true,"valueName":"search_term_string"}}],"inLanguage":"en-US"}]}},"jetpack_sharing_enabled":true,"_links":{"self":[{"href":"https:\/\/ceonab.se\/en\/wp-json\/wp\/v2\/pages\/91","targetHints":{"allow":["GET"]}}],"collection":[{"href":"https:\/\/ceonab.se\/en\/wp-json\/wp\/v2\/pages"}],"about":[{"href":"https:\/\/ceonab.se\/en\/wp-json\/wp\/v2\/types\/page"}],"author":[{"embeddable":true,"href":"https:\/\/ceonab.se\/en\/wp-json\/wp\/v2\/users\/1"}],"replies":[{"embeddable":true,"href":"https:\/\/ceonab.se\/en\/wp-json\/wp\/v2\/comments?post=91"}],"version-history":[{"count":0,"href":"https:\/\/ceonab.se\/en\/wp-json\/wp\/v2\/pages\/91\/revisions"}],"wp:attachment":[{"href":"https:\/\/ceonab.se\/en\/wp-json\/wp\/v2\/media?parent=91"}],"curies":[{"name":"wp","href":"https:\/\/api.w.org\/{rel}","templated":true}]}}