{"id":3,"date":"2022-05-24T13:25:37","date_gmt":"2022-05-24T11:25:37","guid":{"rendered":"http:\/\/dev.ceonab.se\/?page_id=3"},"modified":"2026-04-14T08:10:42","modified_gmt":"2026-04-14T06:10:42","slug":"integritetspolicy","status":"publish","type":"page","link":"https:\/\/ceonab.se\/en\/integritetspolicy\/","title":{"rendered":"Integritetspolicy f\u00f6r Ceon AB"},"content":{"rendered":"<h2 class=\"wp-block-heading\"><strong>Senast uppdaterad: 14\/4 &#8211; 202<\/strong>6<\/h2>\n\n\n\n<p>Din integritet \u00e4r viktig f\u00f6r oss p\u00e5 Ceon AB. I denna policy f\u00f6rklarar vi hur vi samlar in, anv\u00e4nder och skyddar dina personuppgifter samt vilka r\u00e4ttigheter du har.<\/p>\n\n\n\n<p><strong>1. Personuppgiftsansvarig<\/strong><\/p>\n\n\n\n<p>Ceon AB \u00e4r personuppgiftsansvarig f\u00f6r behandlingen av dina personuppgifter p\u00e5 denna webbplats.<\/p>\n\n\n\n<ul class=\"wp-block-list\">\n<li><strong>F\u00f6retag:<\/strong> Ceon AB<\/li>\n\n\n\n<li><strong>Org no:<\/strong> 556743-8527<\/li>\n\n\n\n<li><strong>Address:<\/strong> K\u00f6vlinge 110, 312 94 Laholm<\/li>\n\n\n\n<li><strong>E-mail:<\/strong> info@ceonab.se<\/li>\n<\/ul>\n\n\n\n<p><strong>2. Vilka personuppgifter samlar vi in och varf\u00f6r?<\/strong><\/p>\n\n\n\n<p><strong>2.1 F\u00f6r att hantera dina best\u00e4llningar (Fullg\u00f6rande av avtal)<\/strong><\/p>\n\n\n\n<p>N\u00e4r du handlar hos oss beh\u00f6ver vi uppgifter f\u00f6r att leverera varan och ta betalt.<\/p>\n\n\n\n<ul class=\"wp-block-list\">\n<li><strong>Uppgifter:<\/strong> Namn, adress, e-post, telefonnummer, orderhistorik och betalningsinformation.<\/li>\n\n\n\n<li><strong>Laglig grund:<\/strong> Fullg\u00f6rande av k\u00f6peavtalet. Utan dessa uppgifter kan vi inte leverera din best\u00e4llning.<\/li>\n\n\n\n<li><strong>Lagringstid:<\/strong> Tills k\u00f6pet \u00e4r genomf\u00f6rt och f\u00f6r tiden d\u00e4refter f\u00f6r att hantera eventuella reklamations- och garanti\u00e4renden.<\/li>\n<\/ul>\n\n\n\n<p><strong>2.2 F\u00f6r att f\u00f6lja lagen (R\u00e4ttslig f\u00f6rpliktelse)<\/strong><\/p>\n\n\n\n<p>Vi m\u00e5ste spara vissa uppgifter enligt bokf\u00f6ringslagen.<\/p>\n\n\n\n<ul class=\"wp-block-list\">\n<li><strong>Uppgifter:<\/strong> Namn, adress och transaktionsdetaljer.<\/li>\n\n\n\n<li><strong>Laglig grund:<\/strong> R\u00e4ttslig f\u00f6rpliktelse (Bokf\u00f6ringslagen).<\/li>\n\n\n\n<li><strong>Lagringstid:<\/strong> 7 \u00e5r plus innevarande \u00e5r enligt svensk lag.<\/li>\n<\/ul>\n\n\n\n<p><strong>2.3 F\u00f6r marknadsf\u00f6ring (Intresseavv\u00e4gning\/Samtycke)<\/strong><\/p>\n\n\n\n<p>Om du \u00e4r kund eller har valt att prenumerera p\u00e5 v\u00e5rt nyhetsbrev kan vi skicka erbjudanden till dig.<\/p>\n\n\n\n<ul class=\"wp-block-list\">\n<li><strong>Uppgifter:<\/strong> E-post och k\u00f6phistorik.<\/li>\n\n\n\n<li><strong>Laglig grund:<\/strong> Ber\u00e4ttigat intresse (f\u00f6r befintliga kunder) eller samtycke (vid prenumeration).<\/li>\n\n\n\n<li><strong>Lagringstid:<\/strong> Tills du v\u00e4ljer att avregistrera dig fr\u00e5n utskick.<\/li>\n<\/ul>\n\n\n\n<p><strong>3. Vilka delar vi dina uppgifter med?<\/strong><\/p>\n\n\n\n<p>Vi s\u00e4ljer aldrig dina uppgifter till tredje part. F\u00f6r att kunna driva v\u00e5r butik delar vi dock data med betrodda partners:<\/p>\n\n\n\n<ul class=\"wp-block-list\">\n<li><strong>Betalleverant\u00f6rer:<\/strong> Vi anv\u00e4nder <strong>Kustom Checkout<\/strong> (Kustom AB) f\u00f6r att hantera betalningar. De samlar in de uppgifter som kr\u00e4vs f\u00f6r att genomf\u00f6ra betalningen.<\/li>\n\n\n\n<li><strong>Logistikpartners:<\/strong> F\u00f6r att skicka din vara delar vi namn och adress med fraktbolag (t.ex. PostNord eller DHL).<\/li>\n\n\n\n<li><strong>IT-leverant\u00f6rer:<\/strong> F\u00f6retag som driftar v\u00e5r webbshop och v\u00e5ra system.<\/li>\n<\/ul>\n\n\n\n<p><strong>4. Var lagras dina uppgifter?<\/strong><\/p>\n\n\n\n<p>Vi str\u00e4var efter att alltid lagra dina personuppgifter inom EU\/EES. Om data skulle \u00f6verf\u00f6ras till ett land utanf\u00f6r EU\/EES s\u00e4kerst\u00e4ller vi att det finns l\u00e4mpliga skydds\u00e5tg\u00e4rder (t.ex. standardavtalsklausuler godk\u00e4nda av EU-kommissionen).<\/p>\n\n\n\n<p><strong>5. Dina r\u00e4ttigheter<\/strong><\/p>\n\n\n\n<p>Enligt GDPR har du flera r\u00e4ttigheter g\u00e4llande dina uppgifter:<\/p>\n\n\n\n<ul class=\"wp-block-list\">\n<li><strong>R\u00e4tt till tillg\u00e5ng:<\/strong> Du kan be om ett utdrag p\u00e5 de uppgifter vi har om dig.<\/li>\n\n\n\n<li><strong>R\u00e4tt till r\u00e4ttelse:<\/strong> Du kan beg\u00e4ra att felaktiga uppgifter r\u00e4ttas.<\/li>\n\n\n\n<li><strong>R\u00e4tt till radering:<\/strong> Du kan be oss radera dina uppgifter (s\u00e5vida vi inte m\u00e5ste spara dem enligt lag, t.ex. f\u00f6r bokf\u00f6ring).<\/li>\n\n\n\n<li><strong>R\u00e4tt att inv\u00e4nda:<\/strong> Du kan n\u00e4r som helst tacka nej till direktmarknadsf\u00f6ring.<\/li>\n<\/ul>\n\n\n\n<p><strong>6. Cookies<\/strong><\/p>\n\n\n\n<p>Vi anv\u00e4nder cookies f\u00f6r att webbplatsen ska fungera (t.ex. f\u00f6r att h\u00e5lla koll p\u00e5 din varukorg) samt f\u00f6r analys. F\u00f6r mer detaljerad information om hur vi anv\u00e4nder cookies, se v\u00e5r information om cookies som finns tillg\u00e4nglig p\u00e5 hemsidan.<\/p>\n\n\n\n<p><strong>7. Kontakt och klagom\u00e5l<\/strong><\/p>\n\n\n\n<p>Om du har fr\u00e5gor om hur vi hanterar dina uppgifter \u00e4r du v\u00e4lkommen att kontakta oss p\u00e5 <strong>info@ceonab.se<\/strong>. Om du anser att vi hanterar dina uppgifter felaktigt har du r\u00e4tt att l\u00e4mna in ett klagom\u00e5l till Integritetsskyddsmyndigheten (IMY).<\/p>","protected":false},"excerpt":{"rendered":"<p>Senast uppdaterad: 14\/4 &#8211; 2026 Din integritet \u00e4r viktig f\u00f6r oss p\u00e5 Ceon AB. I denna policy f\u00f6rklarar vi hur vi samlar in, anv\u00e4nder och skyddar dina personuppgifter samt vilka r\u00e4ttigheter du har. 1. Personuppgiftsansvarig Ceon AB \u00e4r personuppgiftsansvarig f\u00f6r behandlingen av dina personuppgifter p\u00e5 denna webbplats. 2. Vilka personuppgifter samlar vi in och varf\u00f6r? [&hellip;]<\/p>\n","protected":false},"author":1,"featured_media":0,"parent":0,"menu_order":0,"comment_status":"closed","ping_status":"open","template":"","meta":{"_et_pb_use_builder":"","_et_pb_old_content":"","_et_gb_content_width":"","footnotes":""},"class_list":["post-3","page","type-page","status-publish","hentry"],"yoast_head":"<!-- This site is optimized with the Yoast SEO plugin v27.1.1 - https:\/\/yoast.com\/product\/yoast-seo-wordpress\/ -->\n<title>Integritetspolicy f\u00f6r Ceon AB - Ceon AB<\/title>\n<meta name=\"robots\" content=\"index, follow, max-snippet:-1, max-image-preview:large, max-video-preview:-1\" \/>\n<link rel=\"canonical\" href=\"https:\/\/ceonab.se\/en\/integritetspolicy\/\" \/>\n<meta property=\"og:locale\" content=\"en_US\" \/>\n<meta property=\"og:type\" content=\"article\" \/>\n<meta property=\"og:title\" content=\"Integritetspolicy f\u00f6r Ceon AB - Ceon AB\" \/>\n<meta property=\"og:description\" content=\"Senast uppdaterad: 14\/4 &#8211; 2026 Din integritet \u00e4r viktig f\u00f6r oss p\u00e5 Ceon AB. I denna policy f\u00f6rklarar vi hur vi samlar in, anv\u00e4nder och skyddar dina personuppgifter samt vilka r\u00e4ttigheter du har. 1. Personuppgiftsansvarig Ceon AB \u00e4r personuppgiftsansvarig f\u00f6r behandlingen av dina personuppgifter p\u00e5 denna webbplats. 2. Vilka personuppgifter samlar vi in och varf\u00f6r? [&hellip;]\" \/>\n<meta property=\"og:url\" content=\"https:\/\/ceonab.se\/en\/integritetspolicy\/\" \/>\n<meta property=\"og:site_name\" content=\"Ceon AB\" \/>\n<meta property=\"article:modified_time\" content=\"2026-04-14T06:10:42+00:00\" \/>\n<meta name=\"twitter:card\" content=\"summary_large_image\" \/>\n<meta name=\"twitter:label1\" content=\"Est. reading time\" \/>\n\t<meta name=\"twitter:data1\" content=\"3 minutes\" \/>\n<script type=\"application\/ld+json\" class=\"yoast-schema-graph\">{\"@context\":\"https:\/\/schema.org\",\"@graph\":[{\"@type\":\"WebPage\",\"@id\":\"https:\/\/ceonab.se\/integritetspolicy\/\",\"url\":\"https:\/\/ceonab.se\/integritetspolicy\/\",\"name\":\"Integritetspolicy f\u00f6r Ceon AB - Ceon AB\",\"isPartOf\":{\"@id\":\"https:\/\/ceonab.se\/#website\"},\"datePublished\":\"2022-05-24T11:25:37+00:00\",\"dateModified\":\"2026-04-14T06:10:42+00:00\",\"breadcrumb\":{\"@id\":\"https:\/\/ceonab.se\/integritetspolicy\/#breadcrumb\"},\"inLanguage\":\"en-US\",\"potentialAction\":[{\"@type\":\"ReadAction\",\"target\":[\"https:\/\/ceonab.se\/integritetspolicy\/\"]}]},{\"@type\":\"BreadcrumbList\",\"@id\":\"https:\/\/ceonab.se\/integritetspolicy\/#breadcrumb\",\"itemListElement\":[{\"@type\":\"ListItem\",\"position\":1,\"name\":\"Hem\",\"item\":\"https:\/\/ceonab.se\/\"},{\"@type\":\"ListItem\",\"position\":2,\"name\":\"Integritetspolicy f\u00f6r Ceon AB\"}]},{\"@type\":\"WebSite\",\"@id\":\"https:\/\/ceonab.se\/#website\",\"url\":\"https:\/\/ceonab.se\/\",\"name\":\"Ceon AB\",\"description\":\"En svenskbaserad specialist p\u00e5 ventiler och st\u00e4lldon\",\"potentialAction\":[{\"@type\":\"SearchAction\",\"target\":{\"@type\":\"EntryPoint\",\"urlTemplate\":\"https:\/\/ceonab.se\/?s={search_term_string}\"},\"query-input\":{\"@type\":\"PropertyValueSpecification\",\"valueRequired\":true,\"valueName\":\"search_term_string\"}}],\"inLanguage\":\"en-US\"}]}<\/script>\n<!-- \/ Yoast SEO plugin. -->","yoast_head_json":{"title":"Integritetspolicy f\u00f6r Ceon AB - Ceon AB","robots":{"index":"index","follow":"follow","max-snippet":"max-snippet:-1","max-image-preview":"max-image-preview:large","max-video-preview":"max-video-preview:-1"},"canonical":"https:\/\/ceonab.se\/en\/integritetspolicy\/","og_locale":"en_US","og_type":"article","og_title":"Integritetspolicy f\u00f6r Ceon AB - Ceon AB","og_description":"Senast uppdaterad: 14\/4 &#8211; 2026 Din integritet \u00e4r viktig f\u00f6r oss p\u00e5 Ceon AB. I denna policy f\u00f6rklarar vi hur vi samlar in, anv\u00e4nder och skyddar dina personuppgifter samt vilka r\u00e4ttigheter du har. 1. Personuppgiftsansvarig Ceon AB \u00e4r personuppgiftsansvarig f\u00f6r behandlingen av dina personuppgifter p\u00e5 denna webbplats. 2. Vilka personuppgifter samlar vi in och varf\u00f6r? [&hellip;]","og_url":"https:\/\/ceonab.se\/en\/integritetspolicy\/","og_site_name":"Ceon AB","article_modified_time":"2026-04-14T06:10:42+00:00","twitter_card":"summary_large_image","twitter_misc":{"Est. reading time":"3 minutes"},"schema":{"@context":"https:\/\/schema.org","@graph":[{"@type":"WebPage","@id":"https:\/\/ceonab.se\/integritetspolicy\/","url":"https:\/\/ceonab.se\/integritetspolicy\/","name":"Integritetspolicy f\u00f6r Ceon AB - Ceon AB","isPartOf":{"@id":"https:\/\/ceonab.se\/#website"},"datePublished":"2022-05-24T11:25:37+00:00","dateModified":"2026-04-14T06:10:42+00:00","breadcrumb":{"@id":"https:\/\/ceonab.se\/integritetspolicy\/#breadcrumb"},"inLanguage":"en-US","potentialAction":[{"@type":"ReadAction","target":["https:\/\/ceonab.se\/integritetspolicy\/"]}]},{"@type":"BreadcrumbList","@id":"https:\/\/ceonab.se\/integritetspolicy\/#breadcrumb","itemListElement":[{"@type":"ListItem","position":1,"name":"Hem","item":"https:\/\/ceonab.se\/"},{"@type":"ListItem","position":2,"name":"Integritetspolicy f\u00f6r Ceon AB"}]},{"@type":"WebSite","@id":"https:\/\/ceonab.se\/#website","url":"https:\/\/ceonab.se\/","name":"Ceon AB","description":"A Swedish-based specialist in valves and actuators","potentialAction":[{"@type":"SearchAction","target":{"@type":"EntryPoint","urlTemplate":"https:\/\/ceonab.se\/?s={search_term_string}"},"query-input":{"@type":"PropertyValueSpecification","valueRequired":true,"valueName":"search_term_string"}}],"inLanguage":"en-US"}]}},"jetpack_sharing_enabled":true,"_links":{"self":[{"href":"https:\/\/ceonab.se\/en\/wp-json\/wp\/v2\/pages\/3","targetHints":{"allow":["GET"]}}],"collection":[{"href":"https:\/\/ceonab.se\/en\/wp-json\/wp\/v2\/pages"}],"about":[{"href":"https:\/\/ceonab.se\/en\/wp-json\/wp\/v2\/types\/page"}],"author":[{"embeddable":true,"href":"https:\/\/ceonab.se\/en\/wp-json\/wp\/v2\/users\/1"}],"replies":[{"embeddable":true,"href":"https:\/\/ceonab.se\/en\/wp-json\/wp\/v2\/comments?post=3"}],"version-history":[{"count":0,"href":"https:\/\/ceonab.se\/en\/wp-json\/wp\/v2\/pages\/3\/revisions"}],"wp:attachment":[{"href":"https:\/\/ceonab.se\/en\/wp-json\/wp\/v2\/media?parent=3"}],"curies":[{"name":"wp","href":"https:\/\/api.w.org\/{rel}","templated":true}]}}