{"id":1956,"date":"2026-04-14T08:04:03","date_gmt":"2026-04-14T06:04:03","guid":{"rendered":"https:\/\/ceonab.se\/?page_id=1956"},"modified":"2026-04-14T08:22:30","modified_gmt":"2026-04-14T06:22:30","slug":"kopvillkor-for-foretag","status":"publish","type":"page","link":"https:\/\/ceonab.se\/en\/kopvillkor-for-foretag\/","title":{"rendered":"Terms &amp; Conditions &amp; Return Policy for Companies"},"content":{"rendered":"\n[et_pb_section fb_built=&#8221;1&#8243; _builder_version=&#8221;4.16&#8243; global_colors_info=&#8221;{}&#8221;][et_pb_row _builder_version=&#8221;4.27.5&#8243; _module_preset=&#8221;default&#8221; width=&#8221;100%&#8221; max_width=&#8221;900px&#8221; global_colors_info=&#8221;{}&#8221;][et_pb_column type=&#8221;4_4&#8243; _builder_version=&#8221;4.18.0&#8243; _module_preset=&#8221;default&#8221; global_colors_info=&#8221;{}&#8221;][et_pb_text _builder_version=&#8221;4.27.6&#8243; _module_preset=&#8221;default&#8221; header_3_font_size=&#8221;26px&#8221; header_4_font_size=&#8221;20px&#8221; hover_enabled=&#8221;0&#8243; global_colors_info=&#8221;{}&#8221; sticky_enabled=&#8221;0&#8243;]<h2><strong>K\u00f6pvillkor f\u00f6r F\u00f6retag\u00a0<\/strong><\/h2>\n<p><em>Dessa villkor g\u00e4ller f\u00f6r k\u00f6p gjorda av f\u00f6retag, f\u00f6reningar och andra juridiska personer.<\/em><\/p>\n<p><strong> Till\u00e4mplighet<\/strong><\/p>\n<p>Vid f\u00f6rs\u00e4ljning till juridiska personer till\u00e4mpas K\u00f6plagen (1990:931). Dessa villkor utg\u00f6r, tillsammans med eventuell orderbekr\u00e4ftelse, det fullst\u00e4ndiga avtalet mellan Ceon AB och k\u00f6paren.<\/p>\n<p><strong> Priser och Betalning<\/strong><\/p>\n<ul>\n<li><strong>Moms:<\/strong> Priser anges exklusive moms om inget annat anges.<\/li>\n<li><strong>Betalningsmetoder:<\/strong> F\u00f6retag erbjuds betalning via de metoder som finns tillg\u00e4ngliga i Kustom Checkout (t.ex. faktura, kort eller direktbetalning).<\/li>\n<li><strong>Kreditupplysning:<\/strong> Vid val av faktura eller delbetalning f\u00f6rbeh\u00e5ller vi oss r\u00e4tten att l\u00e5ta v\u00e5ra samarbetspartners utf\u00f6ra en kreditupplysning.<\/li>\n<li><strong>Dr\u00f6jsm\u00e5l:<\/strong> Vid f\u00f6rsenad betalning utg\u00e5r <strong>dr\u00f6jsm\u00e5lsr\u00e4nta enligt r\u00e4ntelagen<\/strong> (referensr\u00e4nta + 8 %) samt en lagstadgad f\u00f6rseningsavgift om f\u00f6r n\u00e4rvarande 450 kr.<\/li>\n<li><strong>\u00c4gandef\u00f6rbeh\u00e5ll:<\/strong> Alla varor f\u00f6rblir Ceon AB:s egendom till dess att full betalning har erlagts.<\/li>\n<\/ul>\n<p><strong> Ingen \u00e5ngerr\u00e4tt<\/strong><\/p>\n<p>K\u00f6p gjorda av f\u00f6retag \u00e4r bindande. \u00c5ngerr\u00e4tt eller \u00f6ppet k\u00f6p g\u00e4ller ej f\u00f6r f\u00f6retagskunder, s\u00e5vida inte ett skriftligt avtal om annat uppr\u00e4ttats f\u00f6re k\u00f6pet.<\/p>\n<p><strong> Leverans och Ansvar<\/strong><\/p>\n<ul>\n<li><strong>Leveransvillkor:<\/strong> Leverans sker fritt v\u00e5rt lager (Ex Works) om inget annat avtalats. Risken f\u00f6r varan g\u00e5r \u00f6ver p\u00e5 k\u00f6paren n\u00e4r varan avl\u00e4mnats till transport\u00f6r.<\/li>\n<li><strong>Ansvarsbegr\u00e4nsning:<\/strong> Ceon AB ansvarar inte f\u00f6r k\u00f6parens indirekta f\u00f6rluster, s\u00e5som utebliven vinst, produktionsbortfall eller andra f\u00f6ljdskador till f\u00f6ljd av leveransf\u00f6rsening eller fel i vara. V\u00e5r ers\u00e4ttningsskyldighet \u00e4r begr\u00e4nsad till varans ink\u00f6pspris.<\/li>\n<\/ul>\n<p><strong> Unders\u00f6kningsplikt &amp; Reklamation<\/strong><\/p>\n<p>K\u00f6paren ska unders\u00f6ka varan omedelbart vid mottagandet. Eventuella fel eller transportskador ska reklameras skriftligen till info@ceonab.se <strong>inom 5 arbetsdagar<\/strong>. Efter denna tid anses varan godk\u00e4nd. Reklamationsr\u00e4tten f\u00f6r f\u00f6retag \u00e4r begr\u00e4nsad till 1 \u00e5r fr\u00e5n leveransdatum.<\/p>\n<p><strong> Force Majeure &amp; Reservationer<\/strong><\/p>\n<p>Ceon AB ansvarar inte f\u00f6r f\u00f6rseningar orsakade av omst\u00e4ndigheter utanf\u00f6r v\u00e5r kontroll (t.ex. strejk, eldsv\u00e5da, myndighetsbeslut eller st\u00f6rningar i telekommunikation). Vi reserverar oss f\u00f6r slutf\u00f6rs\u00e4ljning samt eventuella pris- och korrekturfel p\u00e5 hemsidan.<\/p>\n<p><strong> Outl\u00f6sta paket<\/strong><\/p>\n<p>F\u00f6r paket som inte h\u00e4mtas ut eller som g\u00e5r i retur p\u00e5 grund av felaktiga adressuppgifter debiteras en avgift om 350 kr exklusive moms f\u00f6r att t\u00e4cka v\u00e5ra faktiska frakt- och hanteringskostnader.<\/p>\n<p><strong> GDPR (Kontaktpersoner)<\/strong><\/p>\n<p>Vi behandlar personuppgifter f\u00f6r kontaktpersoner hos f\u00f6retagskunder f\u00f6r att kunna administrera order, leverans och fakturering. Se v\u00e5r fullst\u00e4ndiga <a href=\"https:\/\/ceonab.se\/integritetspolicy\/\">integritetspolicy<\/a>\u00a0f\u00f6r mer information.<\/p>\n<p><strong> Tvistl\u00f6sning<\/strong><\/p>\n<p>Tvist mellan f\u00f6retagskund och Ceon AB ska i f\u00f6rsta hand l\u00f6sas genom f\u00f6rhandling. Om parterna inte enas ska tvisten avg\u00f6ras i svensk allm\u00e4n domstol med Halmstad tingsr\u00e4tt som f\u00f6rsta instans.<\/p>[\/et_pb_text][\/et_pb_column][\/et_pb_row][\/et_pb_section]\n","protected":false},"excerpt":{"rendered":"<p>K\u00f6pvillkor f\u00f6r F\u00f6retag\u00a0 Dessa villkor g\u00e4ller f\u00f6r k\u00f6p gjorda av f\u00f6retag, f\u00f6reningar och andra juridiska personer. Till\u00e4mplighet Vid f\u00f6rs\u00e4ljning till juridiska personer till\u00e4mpas K\u00f6plagen (1990:931). Dessa villkor utg\u00f6r, tillsammans med eventuell orderbekr\u00e4ftelse, det fullst\u00e4ndiga avtalet mellan Ceon AB och k\u00f6paren. Priser och Betalning Moms: Priser anges exklusive moms om inget annat anges. Betalningsmetoder: F\u00f6retag erbjuds [&hellip;]<\/p>\n","protected":false},"author":13,"featured_media":0,"parent":0,"menu_order":0,"comment_status":"closed","ping_status":"closed","template":"","meta":{"_et_pb_use_builder":"on","_et_pb_old_content":"","_et_gb_content_width":"","footnotes":""},"class_list":["post-1956","page","type-page","status-publish","hentry"],"yoast_head":"<!-- This site is optimized with the Yoast SEO plugin v27.1.1 - https:\/\/yoast.com\/product\/yoast-seo-wordpress\/ -->\n<title>K\u00f6pvillkor &amp; Returpolicy f\u00f6r F\u00f6retag - Ceon AB<\/title>\n<meta name=\"robots\" content=\"index, follow, max-snippet:-1, max-image-preview:large, max-video-preview:-1\" \/>\n<link rel=\"canonical\" href=\"https:\/\/ceonab.se\/en\/kopvillkor-for-foretag\/\" \/>\n<meta property=\"og:locale\" content=\"en_US\" \/>\n<meta property=\"og:type\" content=\"article\" \/>\n<meta property=\"og:title\" content=\"K\u00f6pvillkor &amp; Returpolicy f\u00f6r F\u00f6retag - Ceon AB\" \/>\n<meta property=\"og:description\" content=\"K\u00f6pvillkor f\u00f6r F\u00f6retag\u00a0 Dessa villkor g\u00e4ller f\u00f6r k\u00f6p gjorda av f\u00f6retag, f\u00f6reningar och andra juridiska personer. Till\u00e4mplighet Vid f\u00f6rs\u00e4ljning till juridiska personer till\u00e4mpas K\u00f6plagen (1990:931). Dessa villkor utg\u00f6r, tillsammans med eventuell orderbekr\u00e4ftelse, det fullst\u00e4ndiga avtalet mellan Ceon AB och k\u00f6paren. Priser och Betalning Moms: Priser anges exklusive moms om inget annat anges. Betalningsmetoder: F\u00f6retag erbjuds [&hellip;]\" \/>\n<meta property=\"og:url\" content=\"https:\/\/ceonab.se\/en\/kopvillkor-for-foretag\/\" \/>\n<meta property=\"og:site_name\" content=\"Ceon AB\" \/>\n<meta property=\"article:modified_time\" content=\"2026-04-14T06:22:30+00:00\" \/>\n<meta name=\"twitter:card\" content=\"summary_large_image\" \/>\n<meta name=\"twitter:label1\" content=\"Est. reading time\" \/>\n\t<meta name=\"twitter:data1\" content=\"2 minutes\" \/>\n<script type=\"application\/ld+json\" class=\"yoast-schema-graph\">{\"@context\":\"https:\/\/schema.org\",\"@graph\":[{\"@type\":\"WebPage\",\"@id\":\"https:\/\/ceonab.se\/kopvillkor-for-foretag\/\",\"url\":\"https:\/\/ceonab.se\/kopvillkor-for-foretag\/\",\"name\":\"K\u00f6pvillkor &amp; Returpolicy f\u00f6r F\u00f6retag - Ceon AB\",\"isPartOf\":{\"@id\":\"https:\/\/ceonab.se\/#website\"},\"datePublished\":\"2026-04-14T06:04:03+00:00\",\"dateModified\":\"2026-04-14T06:22:30+00:00\",\"breadcrumb\":{\"@id\":\"https:\/\/ceonab.se\/kopvillkor-for-foretag\/#breadcrumb\"},\"inLanguage\":\"en-US\",\"potentialAction\":[{\"@type\":\"ReadAction\",\"target\":[\"https:\/\/ceonab.se\/kopvillkor-for-foretag\/\"]}]},{\"@type\":\"BreadcrumbList\",\"@id\":\"https:\/\/ceonab.se\/kopvillkor-for-foretag\/#breadcrumb\",\"itemListElement\":[{\"@type\":\"ListItem\",\"position\":1,\"name\":\"Hem\",\"item\":\"https:\/\/ceonab.se\/\"},{\"@type\":\"ListItem\",\"position\":2,\"name\":\"K\u00f6pvillkor &amp; Returpolicy f\u00f6r F\u00f6retag\"}]},{\"@type\":\"WebSite\",\"@id\":\"https:\/\/ceonab.se\/#website\",\"url\":\"https:\/\/ceonab.se\/\",\"name\":\"Ceon AB\",\"description\":\"En svenskbaserad specialist p\u00e5 ventiler och st\u00e4lldon\",\"potentialAction\":[{\"@type\":\"SearchAction\",\"target\":{\"@type\":\"EntryPoint\",\"urlTemplate\":\"https:\/\/ceonab.se\/?s={search_term_string}\"},\"query-input\":{\"@type\":\"PropertyValueSpecification\",\"valueRequired\":true,\"valueName\":\"search_term_string\"}}],\"inLanguage\":\"en-US\"}]}<\/script>\n<!-- \/ Yoast SEO plugin. -->","yoast_head_json":{"title":"K\u00f6pvillkor &amp; Returpolicy f\u00f6r F\u00f6retag - Ceon AB","robots":{"index":"index","follow":"follow","max-snippet":"max-snippet:-1","max-image-preview":"max-image-preview:large","max-video-preview":"max-video-preview:-1"},"canonical":"https:\/\/ceonab.se\/en\/kopvillkor-for-foretag\/","og_locale":"en_US","og_type":"article","og_title":"K\u00f6pvillkor &amp; Returpolicy f\u00f6r F\u00f6retag - Ceon AB","og_description":"K\u00f6pvillkor f\u00f6r F\u00f6retag\u00a0 Dessa villkor g\u00e4ller f\u00f6r k\u00f6p gjorda av f\u00f6retag, f\u00f6reningar och andra juridiska personer. Till\u00e4mplighet Vid f\u00f6rs\u00e4ljning till juridiska personer till\u00e4mpas K\u00f6plagen (1990:931). Dessa villkor utg\u00f6r, tillsammans med eventuell orderbekr\u00e4ftelse, det fullst\u00e4ndiga avtalet mellan Ceon AB och k\u00f6paren. Priser och Betalning Moms: Priser anges exklusive moms om inget annat anges. Betalningsmetoder: F\u00f6retag erbjuds [&hellip;]","og_url":"https:\/\/ceonab.se\/en\/kopvillkor-for-foretag\/","og_site_name":"Ceon AB","article_modified_time":"2026-04-14T06:22:30+00:00","twitter_card":"summary_large_image","twitter_misc":{"Est. reading time":"2 minutes"},"schema":{"@context":"https:\/\/schema.org","@graph":[{"@type":"WebPage","@id":"https:\/\/ceonab.se\/kopvillkor-for-foretag\/","url":"https:\/\/ceonab.se\/kopvillkor-for-foretag\/","name":"K\u00f6pvillkor &amp; Returpolicy f\u00f6r F\u00f6retag - Ceon AB","isPartOf":{"@id":"https:\/\/ceonab.se\/#website"},"datePublished":"2026-04-14T06:04:03+00:00","dateModified":"2026-04-14T06:22:30+00:00","breadcrumb":{"@id":"https:\/\/ceonab.se\/kopvillkor-for-foretag\/#breadcrumb"},"inLanguage":"en-US","potentialAction":[{"@type":"ReadAction","target":["https:\/\/ceonab.se\/kopvillkor-for-foretag\/"]}]},{"@type":"BreadcrumbList","@id":"https:\/\/ceonab.se\/kopvillkor-for-foretag\/#breadcrumb","itemListElement":[{"@type":"ListItem","position":1,"name":"Hem","item":"https:\/\/ceonab.se\/"},{"@type":"ListItem","position":2,"name":"K\u00f6pvillkor &amp; Returpolicy f\u00f6r F\u00f6retag"}]},{"@type":"WebSite","@id":"https:\/\/ceonab.se\/#website","url":"https:\/\/ceonab.se\/","name":"Ceon AB","description":"A Swedish-based specialist in valves and actuators","potentialAction":[{"@type":"SearchAction","target":{"@type":"EntryPoint","urlTemplate":"https:\/\/ceonab.se\/?s={search_term_string}"},"query-input":{"@type":"PropertyValueSpecification","valueRequired":true,"valueName":"search_term_string"}}],"inLanguage":"en-US"}]}},"jetpack_sharing_enabled":true,"_links":{"self":[{"href":"https:\/\/ceonab.se\/en\/wp-json\/wp\/v2\/pages\/1956","targetHints":{"allow":["GET"]}}],"collection":[{"href":"https:\/\/ceonab.se\/en\/wp-json\/wp\/v2\/pages"}],"about":[{"href":"https:\/\/ceonab.se\/en\/wp-json\/wp\/v2\/types\/page"}],"author":[{"embeddable":true,"href":"https:\/\/ceonab.se\/en\/wp-json\/wp\/v2\/users\/13"}],"replies":[{"embeddable":true,"href":"https:\/\/ceonab.se\/en\/wp-json\/wp\/v2\/comments?post=1956"}],"version-history":[{"count":0,"href":"https:\/\/ceonab.se\/en\/wp-json\/wp\/v2\/pages\/1956\/revisions"}],"wp:attachment":[{"href":"https:\/\/ceonab.se\/en\/wp-json\/wp\/v2\/media?parent=1956"}],"curies":[{"name":"wp","href":"https:\/\/api.w.org\/{rel}","templated":true}]}}