{"id":1828,"date":"2025-05-05T13:50:27","date_gmt":"2025-05-05T11:50:27","guid":{"rendered":"https:\/\/ceonab.se\/?page_id=1828"},"modified":"2025-12-15T07:56:26","modified_gmt":"2025-12-15T06:56:26","slug":"olja-och-gas","status":"publish","type":"page","link":"https:\/\/ceonab.se\/en\/olja-och-gas\/","title":{"rendered":"Oil and gas"},"content":{"rendered":"<p>[et_pb_section fb_built=&#8221;1&#8243; custom_padding_last_edited=&#8221;on|phone&#8221; module_class=&#8221;hero overlay-light&#8221; _builder_version=&#8221;4.27.4&#8243; _module_preset=&#8221;default&#8221; background_image=&#8221;https:\/\/ceonab.se\/wp-content\/uploads\/2025\/05\/ceon-lager-2000px.jpg&#8221; min_height=&#8221;400px&#8221; custom_padding=&#8221;100px|50px|100px|50px|true|true&#8221; custom_padding_tablet=&#8221;80px|30px|80px|30px|true|true&#8221; custom_padding_phone=&#8221;50px|20px|50px|20px|true|true&#8221; global_colors_info=&#8221;{}&#8221;][et_pb_row _builder_version=&#8221;4.27.4&#8243; _module_preset=&#8221;default&#8221; width=&#8221;100%&#8221; max_width=&#8221;1200px&#8221; custom_padding=&#8221;0px||0px||false|false&#8221; global_colors_info=&#8221;{}&#8221;][et_pb_column type=&#8221;4_4&#8243; _builder_version=&#8221;4.27.4&#8243; _module_preset=&#8221;default&#8221; global_colors_info=&#8221;{}&#8221;][et_pb_text _builder_version=&#8221;4.27.4&#8243; _module_preset=&#8221;default&#8221; header_text_color=&#8221;#FFFFFF&#8221; global_colors_info=&#8221;{}&#8221;]<\/p>\n<h1>Olja &#038; gas<\/h1>\n<p>[\/et_pb_text][\/et_pb_column][\/et_pb_row][\/et_pb_section][et_pb_section fb_built=&#8221;1&#8243; custom_padding_last_edited=&#8221;on|phone&#8221; _builder_version=&#8221;4.27.4&#8243; _module_preset=&#8221;default&#8221; custom_padding=&#8221;100px|50px|0px|50px|false|true&#8221; custom_padding_tablet=&#8221;80px|30px|0px|30px|false|true&#8221; custom_padding_phone=&#8221;50px|20px|0px|20px|false|true&#8221; global_colors_info=&#8221;{}&#8221;][et_pb_row column_structure=&#8221;1_2,1_2&#8243; make_equal=&#8221;on&#8221; module_class=&#8221;split-section pr-0 split-content-align-center reverse pt-0 pb-0&#8243; _builder_version=&#8221;4.27.5&#8243; _module_preset=&#8221;default&#8221; width=&#8221;100%&#8221; max_width=&#8221;1300px&#8221; custom_padding=&#8221;0px||0px||false|false&#8221; locked=&#8221;off&#8221; global_colors_info=&#8221;{}&#8221;][et_pb_column type=&#8221;1_2&#8243; _builder_version=&#8221;4.27.4&#8243; _module_preset=&#8221;default&#8221; global_colors_info=&#8221;{}&#8221;][et_pb_image src=&#8221;https:\/\/ceonab.se\/wp-content\/uploads\/2025\/11\/lager-1000px.jpg&#8221; title_text=&#8221;lager-1000px&#8221; _builder_version=&#8221;4.27.4&#8243; _module_preset=&#8221;default&#8221; global_colors_info=&#8221;{}&#8221;][\/et_pb_image][\/et_pb_column][et_pb_column type=&#8221;1_2&#8243; _builder_version=&#8221;4.27.4&#8243; _module_preset=&#8221;default&#8221; global_colors_info=&#8221;{}&#8221;][et_pb_text module_class=&#8221;btn btn-primary-filled btn-wrapper&#8221; _builder_version=&#8221;4.27.5&#8243; _module_preset=&#8221;default&#8221; global_colors_info=&#8221;{}&#8221;]<\/p>\n<h2>Ventiler f\u00f6r Olja &#038; Gas \u2013 unika l\u00f6sningar och snabb leverans<\/h2>\n<p>Vi p\u00e5 CEON erbjuder b\u00e5de moderna ventiler och unika \u00e4ldre modeller som kan vara sv\u00e5ra att hitta p\u00e5 marknaden idag. 2022 tog vi ett strategiskt beslut att f\u00f6rv\u00e4rva ett omfattande lager med specialventiler f\u00f6r olja och gas. M\u00e5nga av de ventilerna tillverkades inte l\u00e4ngre och f\u00f6r att st\u00e4rka v\u00e5rt utbud har vi valt att ta fram verktyg f\u00f6r att kunna forts\u00e4tta tillverka dessa unika ventiler. Detta \u00e4r n\u00e5got vi g\u00f6r l\u00f6pande n\u00e4r vi ser att efterfr\u00e5gan p\u00e5 en ventil finns kvar och produktionen har lagts ner. <\/p>\n<p>Tack vare detta proaktiva arbete har vi byggt upp ett av marknadens bredaste lager. Det inneb\u00e4r att vi ofta kan tillhandah\u00e5lla ventiler som annars \u00e4r n\u00e4stintill om\u00f6jliga att f\u00e5 tag p\u00e5. <\/p>\n<p>V\u00e5rt team har b\u00e5de kunskapen och erfarenheten att hj\u00e4lpa dig med konstruktion och design f\u00f6r att s\u00e4kerst\u00e4lla att du f\u00e5r exakt r\u00e4tt l\u00f6sning f\u00f6r ditt projekt. Specialanpassade l\u00f6sningar tillh\u00f6r v\u00e5rt dagliga arbete. <\/p>\n<p>I v\u00e5rt sortiment ing\u00e5r ventiler f\u00f6r alla typer av br\u00e4nsle. Sj\u00e4lvklart erbjuder vi \u00e4ven tryckprovningscertifikat och materialprovningscertifikat. Om du \u00e4r os\u00e4ker p\u00e5 om vi har ventilen du s\u00f6ker, \u00e4r du mer \u00e4n v\u00e4lkommen att kontakta oss. [\/et_pb_text][\/et_pb_column][\/et_pb_row][\/et_pb_section][et_pb_section fb_built=&#8221;1&#8243; custom_padding_last_edited=&#8221;on|phone&#8221; module_class=&#8221;cta-section&#8221; _builder_version=&#8221;4.27.4&#8243; _module_preset=&#8221;default&#8221; custom_padding=&#8221;100px|50px|100px|50px|true|true&#8221; custom_padding_tablet=&#8221;80px|30px|80px|30px|true|true&#8221; custom_padding_phone=&#8221;50px|20px|50px|20px|true|true&#8221; global_colors_info=&#8221;{}&#8221;][et_pb_row make_equal=&#8221;on&#8221; custom_padding_last_edited=&#8221;on|desktop&#8221; _builder_version=&#8221;4.27.5&#8243; _module_preset=&#8221;default&#8221; background_color=&#8221;gcid-49d2bdc6-d96e-4761-9449-b330f76f66ac&#8221; width=&#8221;100%&#8221; max_width=&#8221;1200px&#8221; custom_padding=&#8221;50px|30px|50px|30px|true|true&#8221; custom_padding_tablet=&#8221;50px|30px|50px|30px|true|true&#8221; custom_padding_phone=&#8221;50px|30px|50px|30px|true|true&#8221; hover_enabled=&#8221;0&#8243; locked=&#8221;off&#8221; global_colors_info=&#8221;{%22gcid-49d2bdc6-d96e-4761-9449-b330f76f66ac%22:%91%22background_color%22%93}&#8221; sticky_enabled=&#8221;0&#8243;][et_pb_column type=&#8221;4_4&#8243; _builder_version=&#8221;4.27.4&#8243; _module_preset=&#8221;default&#8221; global_colors_info=&#8221;{}&#8221;][et_pb_text module_class=&#8221; cta-background-color&#8221; _builder_version=&#8221;4.27.5&#8243; _module_preset=&#8221;default&#8221; text_text_color=&#8221;#FFFFFF&#8221; header_2_text_color=&#8221;#FFFFFF&#8221; hover_enabled=&#8221;0&#8243; global_colors_info=&#8221;{}&#8221; max_width=&#8221;750px&#8221; sticky_enabled=&#8221;0&#8243;]<\/p>\n<h2>Beh\u00f6ver du en p\u00e5litlig partner inom Olja &amp; Gas?<\/h2>\n<p>Kontakta oss redan idag f\u00f6r att diskutera ditt projekt. Oavsett om du beh\u00f6ver en specialanpassad l\u00f6sning eller snabb tillg\u00e5ng till sv\u00e5rfunna ventiler har vi kunskapen, lagret och flexibiliteten f\u00f6r att leverera r\u00e4tt produkt i r\u00e4tt tid.<\/p>\n<p>[\/et_pb_text][et_pb_text module_class=&#8221;btn btn-secondary-filled&#8221; _builder_version=&#8221;4.27.5&#8243; _module_preset=&#8221;default&#8221; hover_enabled=&#8221;0&#8243; global_colors_info=&#8221;{}&#8221; sticky_enabled=&#8221;0&#8243;]<\/p>\n<p><a href=\"\/kontakt\/\">Kontakta oss<\/a><\/p>\n<p>[\/et_pb_text][\/et_pb_column][\/et_pb_row][\/et_pb_section]<\/p>\n","protected":false},"excerpt":{"rendered":"<p>Olja &#038; gasVentiler f\u00f6r Olja &#038; Gas \u2013 unika l\u00f6sningar och snabb leverans Vi p\u00e5 CEON erbjuder b\u00e5de moderna ventiler och unika \u00e4ldre modeller som kan vara sv\u00e5ra att hitta p\u00e5 marknaden idag. 2022 tog vi ett strategiskt beslut att f\u00f6rv\u00e4rva ett omfattande lager med specialventiler f\u00f6r olja och gas. M\u00e5nga av de ventilerna tillverkades [&hellip;]<\/p>\n","protected":false},"author":8,"featured_media":0,"parent":0,"menu_order":0,"comment_status":"closed","ping_status":"closed","template":"","meta":{"_et_pb_use_builder":"on","_et_pb_old_content":"","_et_gb_content_width":"","footnotes":""},"class_list":["post-1828","page","type-page","status-publish","hentry"],"yoast_head":"<!-- This site is optimized with the Yoast SEO plugin v27.1.1 - https:\/\/yoast.com\/product\/yoast-seo-wordpress\/ -->\n<title>Olja och gas - Ceon AB<\/title>\n<meta name=\"robots\" content=\"index, follow, max-snippet:-1, max-image-preview:large, max-video-preview:-1\" \/>\n<link rel=\"canonical\" href=\"https:\/\/ceonab.se\/en\/olja-och-gas\/\" \/>\n<meta property=\"og:locale\" content=\"en_US\" \/>\n<meta property=\"og:type\" content=\"article\" \/>\n<meta property=\"og:title\" content=\"Olja och gas - Ceon AB\" \/>\n<meta property=\"og:description\" content=\"Olja &amp; gasVentiler f\u00f6r Olja &amp; Gas \u2013 unika l\u00f6sningar och snabb leverans Vi p\u00e5 CEON erbjuder b\u00e5de moderna ventiler och unika \u00e4ldre modeller som kan vara sv\u00e5ra att hitta p\u00e5 marknaden idag. 2022 tog vi ett strategiskt beslut att f\u00f6rv\u00e4rva ett omfattande lager med specialventiler f\u00f6r olja och gas. M\u00e5nga av de ventilerna tillverkades [&hellip;]\" \/>\n<meta property=\"og:url\" content=\"https:\/\/ceonab.se\/en\/olja-och-gas\/\" \/>\n<meta property=\"og:site_name\" content=\"Ceon AB\" \/>\n<meta property=\"article:modified_time\" content=\"2025-12-15T06:56:26+00:00\" \/>\n<meta name=\"twitter:card\" content=\"summary_large_image\" \/>\n<script type=\"application\/ld+json\" class=\"yoast-schema-graph\">{\"@context\":\"https:\/\/schema.org\",\"@graph\":[{\"@type\":\"WebPage\",\"@id\":\"https:\/\/ceonab.se\/olja-och-gas\/\",\"url\":\"https:\/\/ceonab.se\/olja-och-gas\/\",\"name\":\"Olja och gas - Ceon AB\",\"isPartOf\":{\"@id\":\"https:\/\/ceonab.se\/#website\"},\"datePublished\":\"2025-05-05T11:50:27+00:00\",\"dateModified\":\"2025-12-15T06:56:26+00:00\",\"breadcrumb\":{\"@id\":\"https:\/\/ceonab.se\/olja-och-gas\/#breadcrumb\"},\"inLanguage\":\"en-US\",\"potentialAction\":[{\"@type\":\"ReadAction\",\"target\":[\"https:\/\/ceonab.se\/olja-och-gas\/\"]}]},{\"@type\":\"BreadcrumbList\",\"@id\":\"https:\/\/ceonab.se\/olja-och-gas\/#breadcrumb\",\"itemListElement\":[{\"@type\":\"ListItem\",\"position\":1,\"name\":\"Hem\",\"item\":\"https:\/\/ceonab.se\/\"},{\"@type\":\"ListItem\",\"position\":2,\"name\":\"Olja och gas\"}]},{\"@type\":\"WebSite\",\"@id\":\"https:\/\/ceonab.se\/#website\",\"url\":\"https:\/\/ceonab.se\/\",\"name\":\"Ceon AB\",\"description\":\"En svenskbaserad specialist p\u00e5 ventiler och st\u00e4lldon\",\"potentialAction\":[{\"@type\":\"SearchAction\",\"target\":{\"@type\":\"EntryPoint\",\"urlTemplate\":\"https:\/\/ceonab.se\/?s={search_term_string}\"},\"query-input\":{\"@type\":\"PropertyValueSpecification\",\"valueRequired\":true,\"valueName\":\"search_term_string\"}}],\"inLanguage\":\"en-US\"}]}<\/script>\n<!-- \/ Yoast SEO plugin. -->","yoast_head_json":{"title":"Olja och gas - Ceon AB","robots":{"index":"index","follow":"follow","max-snippet":"max-snippet:-1","max-image-preview":"max-image-preview:large","max-video-preview":"max-video-preview:-1"},"canonical":"https:\/\/ceonab.se\/en\/olja-och-gas\/","og_locale":"en_US","og_type":"article","og_title":"Olja och gas - Ceon AB","og_description":"Olja & gasVentiler f\u00f6r Olja & Gas \u2013 unika l\u00f6sningar och snabb leverans Vi p\u00e5 CEON erbjuder b\u00e5de moderna ventiler och unika \u00e4ldre modeller som kan vara sv\u00e5ra att hitta p\u00e5 marknaden idag. 2022 tog vi ett strategiskt beslut att f\u00f6rv\u00e4rva ett omfattande lager med specialventiler f\u00f6r olja och gas. M\u00e5nga av de ventilerna tillverkades [&hellip;]","og_url":"https:\/\/ceonab.se\/en\/olja-och-gas\/","og_site_name":"Ceon AB","article_modified_time":"2025-12-15T06:56:26+00:00","twitter_card":"summary_large_image","schema":{"@context":"https:\/\/schema.org","@graph":[{"@type":"WebPage","@id":"https:\/\/ceonab.se\/olja-och-gas\/","url":"https:\/\/ceonab.se\/olja-och-gas\/","name":"Olja och gas - Ceon AB","isPartOf":{"@id":"https:\/\/ceonab.se\/#website"},"datePublished":"2025-05-05T11:50:27+00:00","dateModified":"2025-12-15T06:56:26+00:00","breadcrumb":{"@id":"https:\/\/ceonab.se\/olja-och-gas\/#breadcrumb"},"inLanguage":"en-US","potentialAction":[{"@type":"ReadAction","target":["https:\/\/ceonab.se\/olja-och-gas\/"]}]},{"@type":"BreadcrumbList","@id":"https:\/\/ceonab.se\/olja-och-gas\/#breadcrumb","itemListElement":[{"@type":"ListItem","position":1,"name":"Hem","item":"https:\/\/ceonab.se\/"},{"@type":"ListItem","position":2,"name":"Olja och gas"}]},{"@type":"WebSite","@id":"https:\/\/ceonab.se\/#website","url":"https:\/\/ceonab.se\/","name":"Ceon AB","description":"A Swedish-based specialist in valves and actuators","potentialAction":[{"@type":"SearchAction","target":{"@type":"EntryPoint","urlTemplate":"https:\/\/ceonab.se\/?s={search_term_string}"},"query-input":{"@type":"PropertyValueSpecification","valueRequired":true,"valueName":"search_term_string"}}],"inLanguage":"en-US"}]}},"jetpack_sharing_enabled":true,"_links":{"self":[{"href":"https:\/\/ceonab.se\/en\/wp-json\/wp\/v2\/pages\/1828","targetHints":{"allow":["GET"]}}],"collection":[{"href":"https:\/\/ceonab.se\/en\/wp-json\/wp\/v2\/pages"}],"about":[{"href":"https:\/\/ceonab.se\/en\/wp-json\/wp\/v2\/types\/page"}],"author":[{"embeddable":true,"href":"https:\/\/ceonab.se\/en\/wp-json\/wp\/v2\/users\/8"}],"replies":[{"embeddable":true,"href":"https:\/\/ceonab.se\/en\/wp-json\/wp\/v2\/comments?post=1828"}],"version-history":[{"count":0,"href":"https:\/\/ceonab.se\/en\/wp-json\/wp\/v2\/pages\/1828\/revisions"}],"wp:attachment":[{"href":"https:\/\/ceonab.se\/en\/wp-json\/wp\/v2\/media?parent=1828"}],"curies":[{"name":"wp","href":"https:\/\/api.w.org\/{rel}","templated":true}]}}