{"id":1819,"date":"2025-05-05T13:01:42","date_gmt":"2025-05-05T11:01:42","guid":{"rendered":"https:\/\/ceonab.se\/?page_id=1819"},"modified":"2025-12-15T07:55:35","modified_gmt":"2025-12-15T06:55:35","slug":"marint","status":"publish","type":"page","link":"https:\/\/ceonab.se\/en\/marint\/","title":{"rendered":"Marine"},"content":{"rendered":"<p>[et_pb_section fb_built=&#8221;1&#8243; custom_padding_last_edited=&#8221;on|phone&#8221; module_class=&#8221;hero overlay-light&#8221; _builder_version=&#8221;4.27.4&#8243; _module_preset=&#8221;default&#8221; background_image=&#8221;https:\/\/ceonab.se\/wp-content\/uploads\/2025\/05\/ceon-lager-2000px.jpg&#8221; min_height=&#8221;400px&#8221; custom_padding=&#8221;100px|50px|100px|50px|true|true&#8221; custom_padding_tablet=&#8221;80px|30px|80px|30px|true|true&#8221; custom_padding_phone=&#8221;50px|20px|50px|20px|true|true&#8221; global_colors_info=&#8221;{}&#8221;][et_pb_row _builder_version=&#8221;4.27.4&#8243; _module_preset=&#8221;default&#8221; width=&#8221;100%&#8221; max_width=&#8221;1200px&#8221; custom_padding=&#8221;0px||0px||false|false&#8221; global_colors_info=&#8221;{}&#8221;][et_pb_column type=&#8221;4_4&#8243; _builder_version=&#8221;4.27.4&#8243; _module_preset=&#8221;default&#8221; global_colors_info=&#8221;{}&#8221;][et_pb_text _builder_version=&#8221;4.27.5&#8243; _module_preset=&#8221;default&#8221; header_text_color=&#8221;#FFFFFF&#8221; global_colors_info=&#8221;{}&#8221;]<\/p>\n<h1>Marint<\/h1>\n<p>[\/et_pb_text][\/et_pb_column][\/et_pb_row][\/et_pb_section][et_pb_section fb_built=&#8221;1&#8243; custom_padding_last_edited=&#8221;on|phone&#8221; _builder_version=&#8221;4.27.4&#8243; _module_preset=&#8221;default&#8221; custom_padding=&#8221;100px|50px|0px|50px|false|true&#8221; custom_padding_tablet=&#8221;80px|30px|0px|30px|false|true&#8221; custom_padding_phone=&#8221;50px|20px|0px|20px|false|true&#8221; global_colors_info=&#8221;{}&#8221;][et_pb_row column_structure=&#8221;1_2,1_2&#8243; make_equal=&#8221;on&#8221; module_class=&#8221;split-section pr-0 split-content-align-center reverse&#8221; _builder_version=&#8221;4.27.4&#8243; _module_preset=&#8221;default&#8221; width=&#8221;100%&#8221; max_width=&#8221;1200px&#8221; custom_padding=&#8221;0px||0px||false|false&#8221; locked=&#8221;off&#8221; global_colors_info=&#8221;{}&#8221;][et_pb_column type=&#8221;1_2&#8243; _builder_version=&#8221;4.27.4&#8243; _module_preset=&#8221;default&#8221; global_colors_info=&#8221;{}&#8221;][et_pb_image src=&#8221;https:\/\/ceonab.se\/wp-content\/uploads\/2025\/11\/lador-1000px.jpg&#8221; title_text=&#8221;lador-1000px&#8221; _builder_version=&#8221;4.27.4&#8243; _module_preset=&#8221;default&#8221; global_colors_info=&#8221;{}&#8221;][\/et_pb_image][\/et_pb_column][et_pb_column type=&#8221;1_2&#8243; _builder_version=&#8221;4.27.4&#8243; _module_preset=&#8221;default&#8221; global_colors_info=&#8221;{}&#8221;][et_pb_text module_class=&#8221;btn btn-primary-filled btn-wrapper&#8221; _builder_version=&#8221;4.27.5&#8243; _module_preset=&#8221;default&#8221; global_colors_info=&#8221;{}&#8221;]<\/p>\n<h2>Ett stort lager redo f\u00f6r snabb leverans med DNV-godk\u00e4nnande!<\/h2>\n<p>Beh\u00f6ver du snabb leverans eller s\u00f6ker du en p\u00e5litlig leverant\u00f6r f\u00f6r marina applikationer?<\/p>\n<p>P\u00e5 CEON AB har vi l\u00e5ng erfarenhet av att arbeta mot den marina industrin. Som familje\u00e4gt bolag med tv\u00e5 generationers kunskap har vi i decennier arbetat med ventiler f\u00f6r marina applikationer. Vi levererar allt fr\u00e5n enstaka utbytesventiler till hela nybyggnadsprojekt, och har ventiler p\u00e5 lager f\u00e4rdiga med DNV-godk\u00e4nnande.<\/p>\n<p>I v\u00e5rt sortiment hittar du allt fr\u00e5n vridspj\u00e4llsventiler i storlekar DN40\u2013DN800 till kilslidsventiler, duocheck och aktuatorer.<\/p>\n<p>[\/et_pb_text][\/et_pb_column][\/et_pb_row][\/et_pb_section][et_pb_section fb_built=&#8221;1&#8243; custom_padding_last_edited=&#8221;on|phone&#8221; module_class=&#8221;cta-section&#8221; _builder_version=&#8221;4.27.4&#8243; _module_preset=&#8221;default&#8221; custom_padding=&#8221;100px|50px|100px|50px|true|true&#8221; custom_padding_tablet=&#8221;80px|30px|80px|30px|true|true&#8221; custom_padding_phone=&#8221;50px|20px|50px|20px|true|true&#8221; global_colors_info=&#8221;{}&#8221;][et_pb_row make_equal=&#8221;on&#8221; custom_padding_last_edited=&#8221;on|desktop&#8221; _builder_version=&#8221;4.27.5&#8243; _module_preset=&#8221;default&#8221; background_color=&#8221;gcid-49d2bdc6-d96e-4761-9449-b330f76f66ac&#8221; width=&#8221;100%&#8221; max_width=&#8221;1200px&#8221; custom_padding=&#8221;50px|30px|50px|30px|true|true&#8221; custom_padding_tablet=&#8221;50px|30px|50px|30px|true|true&#8221; custom_padding_phone=&#8221;50px|30px|50px|30px|true|true&#8221; hover_enabled=&#8221;0&#8243; locked=&#8221;off&#8221; global_colors_info=&#8221;{%22gcid-49d2bdc6-d96e-4761-9449-b330f76f66ac%22:%91%22background_color%22%93}&#8221; sticky_enabled=&#8221;0&#8243;][et_pb_column type=&#8221;4_4&#8243; _builder_version=&#8221;4.27.4&#8243; _module_preset=&#8221;default&#8221; global_colors_info=&#8221;{}&#8221;][et_pb_text module_class=&#8221; cta-background-color&#8221; _builder_version=&#8221;4.27.5&#8243; _module_preset=&#8221;default&#8221; text_text_color=&#8221;#FFFFFF&#8221; header_2_text_color=&#8221;#FFFFFF&#8221; hover_enabled=&#8221;0&#8243; global_colors_info=&#8221;{}&#8221; max_width=&#8221;750px&#8221; sticky_enabled=&#8221;0&#8243;]<\/p>\n<h2>R\u00e4tt marin l\u00f6sning f\u00f6r varje projekt<\/h2>\n<p>Vi kombinerar tradition och erfarenhet med ett modernt och flexibelt arbetss\u00e4tt f\u00f6r att m\u00f6ta v\u00e5ra kunders unika behov. Oavsett om det g\u00e4ller reparation, uppgradering eller nybyggnation hj\u00e4lper vi dig att hitta r\u00e4tt l\u00f6sning till r\u00e4tt projekt.<\/p>\n<p>[\/et_pb_text][et_pb_text module_class=&#8221;btn btn-secondary-filled&#8221; _builder_version=&#8221;4.27.5&#8243; _module_preset=&#8221;default&#8221; hover_enabled=&#8221;0&#8243; global_colors_info=&#8221;{}&#8221; sticky_enabled=&#8221;0&#8243;]<\/p>\n<p><a href=\"\/kontakt\/\">Kontakta oss<\/a><\/p>\n<p>[\/et_pb_text][\/et_pb_column][\/et_pb_row][\/et_pb_section]<\/p>\n","protected":false},"excerpt":{"rendered":"<p>MarintEtt stort lager redo f\u00f6r snabb leverans med DNV-godk\u00e4nnande! Beh\u00f6ver du snabb leverans eller s\u00f6ker du en p\u00e5litlig leverant\u00f6r f\u00f6r marina applikationer? P\u00e5 CEON AB har vi l\u00e5ng erfarenhet av att arbeta mot den marina industrin. Som familje\u00e4gt bolag med tv\u00e5 generationers kunskap har vi i decennier arbetat med ventiler f\u00f6r marina applikationer. Vi levererar [&hellip;]<\/p>\n","protected":false},"author":8,"featured_media":0,"parent":0,"menu_order":0,"comment_status":"closed","ping_status":"closed","template":"","meta":{"_et_pb_use_builder":"on","_et_pb_old_content":"","_et_gb_content_width":"","footnotes":""},"class_list":["post-1819","page","type-page","status-publish","hentry"],"yoast_head":"<!-- This site is optimized with the Yoast SEO plugin v27.1.1 - https:\/\/yoast.com\/product\/yoast-seo-wordpress\/ -->\n<title>Marint - Ceon AB<\/title>\n<meta name=\"robots\" content=\"index, follow, max-snippet:-1, max-image-preview:large, max-video-preview:-1\" \/>\n<link rel=\"canonical\" href=\"https:\/\/ceonab.se\/en\/marint\/\" \/>\n<meta property=\"og:locale\" content=\"en_US\" \/>\n<meta property=\"og:type\" content=\"article\" \/>\n<meta property=\"og:title\" content=\"Marint - Ceon AB\" \/>\n<meta property=\"og:description\" content=\"MarintEtt stort lager redo f\u00f6r snabb leverans med DNV-godk\u00e4nnande! Beh\u00f6ver du snabb leverans eller s\u00f6ker du en p\u00e5litlig leverant\u00f6r f\u00f6r marina applikationer? P\u00e5 CEON AB har vi l\u00e5ng erfarenhet av att arbeta mot den marina industrin. Som familje\u00e4gt bolag med tv\u00e5 generationers kunskap har vi i decennier arbetat med ventiler f\u00f6r marina applikationer. Vi levererar [&hellip;]\" \/>\n<meta property=\"og:url\" content=\"https:\/\/ceonab.se\/en\/marint\/\" \/>\n<meta property=\"og:site_name\" content=\"Ceon AB\" \/>\n<meta property=\"article:modified_time\" content=\"2025-12-15T06:55:35+00:00\" \/>\n<meta name=\"twitter:card\" content=\"summary_large_image\" \/>\n<meta name=\"twitter:label1\" content=\"Est. reading time\" \/>\n\t<meta name=\"twitter:data1\" content=\"1 minute\" \/>\n<script type=\"application\/ld+json\" class=\"yoast-schema-graph\">{\"@context\":\"https:\/\/schema.org\",\"@graph\":[{\"@type\":\"WebPage\",\"@id\":\"https:\/\/ceonab.se\/marint\/\",\"url\":\"https:\/\/ceonab.se\/marint\/\",\"name\":\"Marint - Ceon AB\",\"isPartOf\":{\"@id\":\"https:\/\/ceonab.se\/#website\"},\"datePublished\":\"2025-05-05T11:01:42+00:00\",\"dateModified\":\"2025-12-15T06:55:35+00:00\",\"breadcrumb\":{\"@id\":\"https:\/\/ceonab.se\/marint\/#breadcrumb\"},\"inLanguage\":\"en-US\",\"potentialAction\":[{\"@type\":\"ReadAction\",\"target\":[\"https:\/\/ceonab.se\/marint\/\"]}]},{\"@type\":\"BreadcrumbList\",\"@id\":\"https:\/\/ceonab.se\/marint\/#breadcrumb\",\"itemListElement\":[{\"@type\":\"ListItem\",\"position\":1,\"name\":\"Hem\",\"item\":\"https:\/\/ceonab.se\/\"},{\"@type\":\"ListItem\",\"position\":2,\"name\":\"Marint\"}]},{\"@type\":\"WebSite\",\"@id\":\"https:\/\/ceonab.se\/#website\",\"url\":\"https:\/\/ceonab.se\/\",\"name\":\"Ceon AB\",\"description\":\"En svenskbaserad specialist p\u00e5 ventiler och st\u00e4lldon\",\"potentialAction\":[{\"@type\":\"SearchAction\",\"target\":{\"@type\":\"EntryPoint\",\"urlTemplate\":\"https:\/\/ceonab.se\/?s={search_term_string}\"},\"query-input\":{\"@type\":\"PropertyValueSpecification\",\"valueRequired\":true,\"valueName\":\"search_term_string\"}}],\"inLanguage\":\"en-US\"}]}<\/script>\n<!-- \/ Yoast SEO plugin. -->","yoast_head_json":{"title":"Marine - Ceon AB","robots":{"index":"index","follow":"follow","max-snippet":"max-snippet:-1","max-image-preview":"max-image-preview:large","max-video-preview":"max-video-preview:-1"},"canonical":"https:\/\/ceonab.se\/en\/marint\/","og_locale":"en_US","og_type":"article","og_title":"Marint - Ceon AB","og_description":"MarintEtt stort lager redo f\u00f6r snabb leverans med DNV-godk\u00e4nnande! Beh\u00f6ver du snabb leverans eller s\u00f6ker du en p\u00e5litlig leverant\u00f6r f\u00f6r marina applikationer? P\u00e5 CEON AB har vi l\u00e5ng erfarenhet av att arbeta mot den marina industrin. Som familje\u00e4gt bolag med tv\u00e5 generationers kunskap har vi i decennier arbetat med ventiler f\u00f6r marina applikationer. Vi levererar [&hellip;]","og_url":"https:\/\/ceonab.se\/en\/marint\/","og_site_name":"Ceon AB","article_modified_time":"2025-12-15T06:55:35+00:00","twitter_card":"summary_large_image","twitter_misc":{"Est. reading time":"1 minute"},"schema":{"@context":"https:\/\/schema.org","@graph":[{"@type":"WebPage","@id":"https:\/\/ceonab.se\/marint\/","url":"https:\/\/ceonab.se\/marint\/","name":"Marine - Ceon AB","isPartOf":{"@id":"https:\/\/ceonab.se\/#website"},"datePublished":"2025-05-05T11:01:42+00:00","dateModified":"2025-12-15T06:55:35+00:00","breadcrumb":{"@id":"https:\/\/ceonab.se\/marint\/#breadcrumb"},"inLanguage":"en-US","potentialAction":[{"@type":"ReadAction","target":["https:\/\/ceonab.se\/marint\/"]}]},{"@type":"BreadcrumbList","@id":"https:\/\/ceonab.se\/marint\/#breadcrumb","itemListElement":[{"@type":"ListItem","position":1,"name":"Hem","item":"https:\/\/ceonab.se\/"},{"@type":"ListItem","position":2,"name":"Marint"}]},{"@type":"WebSite","@id":"https:\/\/ceonab.se\/#website","url":"https:\/\/ceonab.se\/","name":"Ceon AB","description":"A Swedish-based specialist in valves and actuators","potentialAction":[{"@type":"SearchAction","target":{"@type":"EntryPoint","urlTemplate":"https:\/\/ceonab.se\/?s={search_term_string}"},"query-input":{"@type":"PropertyValueSpecification","valueRequired":true,"valueName":"search_term_string"}}],"inLanguage":"en-US"}]}},"jetpack_sharing_enabled":true,"_links":{"self":[{"href":"https:\/\/ceonab.se\/en\/wp-json\/wp\/v2\/pages\/1819","targetHints":{"allow":["GET"]}}],"collection":[{"href":"https:\/\/ceonab.se\/en\/wp-json\/wp\/v2\/pages"}],"about":[{"href":"https:\/\/ceonab.se\/en\/wp-json\/wp\/v2\/types\/page"}],"author":[{"embeddable":true,"href":"https:\/\/ceonab.se\/en\/wp-json\/wp\/v2\/users\/8"}],"replies":[{"embeddable":true,"href":"https:\/\/ceonab.se\/en\/wp-json\/wp\/v2\/comments?post=1819"}],"version-history":[{"count":0,"href":"https:\/\/ceonab.se\/en\/wp-json\/wp\/v2\/pages\/1819\/revisions"}],"wp:attachment":[{"href":"https:\/\/ceonab.se\/en\/wp-json\/wp\/v2\/media?parent=1819"}],"curies":[{"name":"wp","href":"https:\/\/api.w.org\/{rel}","templated":true}]}}