{"id":1779,"date":"2025-04-10T07:29:30","date_gmt":"2025-04-10T05:29:30","guid":{"rendered":"https:\/\/ceonab.se\/?page_id=1779"},"modified":"2026-01-07T08:28:41","modified_gmt":"2026-01-07T07:28:41","slug":"hem","status":"publish","type":"page","link":"https:\/\/ceonab.se\/en\/","title":{"rendered":"Home"},"content":{"rendered":"<p>[et_pb_section fb_built=&#8221;1&#8243; custom_padding_last_edited=&#8221;on|phone&#8221; module_class=&#8221;top-section&#8221; _builder_version=&#8221;4.27.4&#8243; _module_preset=&#8221;default&#8221; background_image=&#8221;https:\/\/ceonab.se\/wp-content\/uploads\/2025\/04\/abstrakt-bakgrund.png&#8221; background_position=&#8221;center_left&#8221; custom_padding=&#8221;80px|50px|80px|50px|true|true&#8221; custom_padding_tablet=&#8221;80px|30px|80px|30px|true|true&#8221; custom_padding_phone=&#8221;50px|20px|50px|20px|true|true&#8221; global_colors_info=&#8221;{}&#8221;][et_pb_row column_structure=&#8221;1_2,1_2&#8243; make_equal=&#8221;on&#8221; module_class=&#8221;split-section pl-0 split-content-align-center pt-0 pb-0&#8243; _builder_version=&#8221;4.27.4&#8243; _module_preset=&#8221;default&#8221; width=&#8221;100%&#8221; max_width=&#8221;1600px&#8221; custom_padding=&#8221;0px||0px||false|false&#8221; global_colors_info=&#8221;{}&#8221;][et_pb_column type=&#8221;1_2&#8243; _builder_version=&#8221;4.27.4&#8243; _module_preset=&#8221;default&#8221; global_colors_info=&#8221;{}&#8221;][et_pb_text module_class=&#8221;btn btn-primary-filled btn-wrapper&#8221; _builder_version=&#8221;4.27.5&#8243; _module_preset=&#8221;default&#8221; max_width=&#8221;900px&#8221; hover_enabled=&#8221;0&#8243; global_colors_info=&#8221;{}&#8221; sticky_enabled=&#8221;0&#8243;]<\/p>\n<h1>En svenskbaserad specialist p\u00e5 ventiler och st\u00e4lldon<\/h1>\n<p>Vi kombinerar svensk kvalitet med <strong>global leveransf\u00f6rm\u00e5ga<\/strong>. Ceon AB har l\u00e5ng erfarenhet av att leverera ventil- och st\u00e4lldonsl\u00f6sningar till kr\u00e4vande industriella och marina milj\u00f6er \u2013 alltid med fokus p\u00e5 p\u00e5litlighet, dokumentation och personlig service.<br \/><a href=\"\/produkter\/\">V\u00e5ra produkter<\/a><\/p>\n<div class=\"area-wrapper w-33\">\n<div class=\"area\">\n<h2 class=\"smaller-title\"><i class=\"fa-solid fa-circle-check\"><\/i> Marint<\/h2>\n<\/div>\n<div class=\"area\">\n<h2 class=\"smaller-title\"><i class=\"fa-solid fa-circle-check\"><\/i> Olja &amp; gas<\/h2>\n<\/div>\n<div class=\"area\">\n<h2 class=\"smaller-title\"><i class=\"fa-solid fa-circle-check\"><\/i> Allm\u00e4n industri<\/h2>\n<\/div>\n<\/div>\n<p>[\/et_pb_text][\/et_pb_column][et_pb_column type=&#8221;1_2&#8243; _builder_version=&#8221;4.27.4&#8243; _module_preset=&#8221;default&#8221; global_colors_info=&#8221;{}&#8221;][et_pb_image src=&#8221;https:\/\/ceonab.se\/wp-content\/uploads\/2025\/04\/ventiler-1000px.jpg&#8221; title_text=&#8221;ventiler-1000px&#8221; _builder_version=&#8221;4.27.4&#8243; _module_preset=&#8221;default&#8221; global_colors_info=&#8221;{}&#8221;][\/et_pb_image][\/et_pb_column][\/et_pb_row][\/et_pb_section][et_pb_section fb_built=&#8221;1&#8243; custom_padding_last_edited=&#8221;on|phone&#8221; _builder_version=&#8221;4.27.4&#8243; _module_preset=&#8221;default&#8221; background_color=&#8221;#2a5789&#8243; custom_padding=&#8221;100px|50px|100px|50px|true|true&#8221; custom_padding_tablet=&#8221;80px|30px|80px|30px|true|true&#8221; custom_padding_phone=&#8221;50px|20px|50px|20px|true|true&#8221; global_module=&#8221;1909&#8243; saved_tabs=&#8221;all&#8221; global_colors_info=&#8221;{}&#8221;][et_pb_row make_equal=&#8221;on&#8221; _builder_version=&#8221;4.27.4&#8243; _module_preset=&#8221;default&#8221; width=&#8221;100%&#8221; max_width=&#8221;1100px&#8221; custom_padding=&#8221;0px||40px||false|false&#8221; global_colors_info=&#8221;{}&#8221;][et_pb_column type=&#8221;4_4&#8243; _builder_version=&#8221;4.27.4&#8243; _module_preset=&#8221;default&#8221; global_colors_info=&#8221;{}&#8221;][et_pb_text _builder_version=&#8221;4.27.4&#8243; _module_preset=&#8221;default&#8221; header_2_text_color=&#8221;#FFFFFF&#8221; text_orientation=&#8221;center&#8221; global_colors_info=&#8221;{}&#8221;]<\/p>\n<h2>V\u00e5ra produktomr\u00e5den<\/h2>\n<p>[\/et_pb_text][\/et_pb_column][\/et_pb_row][et_pb_row column_structure=&#8221;1_3,1_3,1_3&#8243; make_equal=&#8221;on&#8221; module_class=&#8221;cards-wrapper w-33 area-cards&#8221; _builder_version=&#8221;4.27.5&#8243; _module_preset=&#8221;default&#8221; width=&#8221;100%&#8221; max_width=&#8221;1400px&#8221; custom_padding=&#8221;0px||0px||false|false&#8221; global_colors_info=&#8221;{}&#8221;][et_pb_column type=&#8221;1_3&#8243; _builder_version=&#8221;4.27.5&#8243; _module_preset=&#8221;default&#8221; link_option_url=&#8221;\/marint\/&#8221; global_colors_info=&#8221;{}&#8221;][et_pb_image src=&#8221;https:\/\/ceonab.se\/wp-content\/uploads\/2025\/12\/ceon-marint-800px.jpg&#8221; title_text=&#8221;ceon-marint-800px&#8221; show_bottom_space=&#8221;off&#8221; _builder_version=&#8221;4.27.5&#8243; _module_preset=&#8221;default&#8221; border_width_all=&#8221;1px&#8221; border_color_all=&#8221;#1e4672&#8243; global_colors_info=&#8221;{}&#8221;][\/et_pb_image][et_pb_text module_class=&#8221;area-tag&#8221; _builder_version=&#8221;4.27.5&#8243; _module_preset=&#8221;default&#8221; text_text_color=&#8221;#FFFFFF&#8221; header_2_text_color=&#8221;#FFFFFF&#8221; background_color=&#8221;gcid-9cd30497-133c-4558-9195-aa723212bad7&#8243; positioning=&#8221;absolute&#8221; vertical_offset=&#8221;30px&#8221; width=&#8221;120px&#8221; custom_margin=&#8221;||0px||false|false&#8221; custom_padding=&#8221;10px|15px|10px|15px|true|true&#8221; border_radii=&#8221;off||5px|5px|&#8221; global_colors_info=&#8221;{%22gcid-9cd30497-133c-4558-9195-aa723212bad7%22:%91%22background_color%22%93}&#8221;]<\/p>\n<h2 class=\"smaller-title\"><i class=\"fa-solid fa-anchor\"><\/i> Marint<\/h2>\n<p>[\/et_pb_text][et_pb_text _builder_version=&#8221;4.27.4&#8243; _module_preset=&#8221;default&#8221; text_text_color=&#8221;#FFFFFF&#8221; header_2_text_color=&#8221;#FFFFFF&#8221; custom_padding=&#8221;20px||||false|false&#8221; global_colors_info=&#8221;{}&#8221;]P\u00e5litliga ventiler och st\u00e4lldon f\u00f6r marina applikationer, med generationers erfarenhet och h\u00f6g kvalitet.[\/et_pb_text][\/et_pb_column][et_pb_column type=&#8221;1_3&#8243; _builder_version=&#8221;4.27.4&#8243; _module_preset=&#8221;default&#8221; link_option_url=&#8221;\/olja-och-gas\/&#8221; global_colors_info=&#8221;{}&#8221;][et_pb_image src=&#8221;https:\/\/ceonab.se\/wp-content\/uploads\/2025\/04\/ceon-ventil-750px.jpg&#8221; title_text=&#8221;ceon-ventil-750px&#8221; show_bottom_space=&#8221;off&#8221; _builder_version=&#8221;4.27.4&#8243; _module_preset=&#8221;default&#8221; border_width_all=&#8221;1px&#8221; border_color_all=&#8221;#1e4672&#8243; global_colors_info=&#8221;{}&#8221;][\/et_pb_image][et_pb_text module_class=&#8221;area-tag&#8221; _builder_version=&#8221;4.27.4&#8243; _module_preset=&#8221;default&#8221; text_text_color=&#8221;#FFFFFF&#8221; header_2_text_color=&#8221;#FFFFFF&#8221; background_color=&#8221;gcid-9cd30497-133c-4558-9195-aa723212bad7&#8243; positioning=&#8221;absolute&#8221; vertical_offset=&#8221;30px&#8221; width=&#8221;150px&#8221; custom_margin=&#8221;||0px||false|false&#8221; custom_padding=&#8221;10px|15px|10px|15px|true|true&#8221; border_radii=&#8221;off||5px|5px|&#8221; global_colors_info=&#8221;{%22gcid-9cd30497-133c-4558-9195-aa723212bad7%22:%91%22background_color%22%93}&#8221;]<\/p>\n<h2 class=\"smaller-title\"><i class=\"fa-solid fa-gas-pump\"><\/i> Olja &amp; gas<\/h2>\n<p>[\/et_pb_text][et_pb_text _builder_version=&#8221;4.27.4&#8243; _module_preset=&#8221;default&#8221; text_text_color=&#8221;#FFFFFF&#8221; header_2_text_color=&#8221;#FFFFFF&#8221; custom_padding=&#8221;20px||||false|false&#8221; global_colors_info=&#8221;{}&#8221;]Brett lager av ventiler f\u00f6r olja och gas, inklusive unika modeller f\u00f6r snabba och s\u00e4kra leveranser.[\/et_pb_text][\/et_pb_column][et_pb_column type=&#8221;1_3&#8243; _builder_version=&#8221;4.27.4&#8243; _module_preset=&#8221;default&#8221; link_option_url=&#8221;\/industri\/&#8221; global_colors_info=&#8221;{}&#8221;][et_pb_image src=&#8221;https:\/\/ceonab.se\/wp-content\/uploads\/2025\/04\/dummy-750px.jpg&#8221; title_text=&#8221;dummy-750px&#8221; show_bottom_space=&#8221;off&#8221; _builder_version=&#8221;4.27.4&#8243; _module_preset=&#8221;default&#8221; border_width_all=&#8221;1px&#8221; border_color_all=&#8221;#1e4672&#8243; global_colors_info=&#8221;{}&#8221;][\/et_pb_image][et_pb_text module_class=&#8221;area-tag&#8221; _builder_version=&#8221;4.27.4&#8243; _module_preset=&#8221;default&#8221; text_text_color=&#8221;#FFFFFF&#8221; header_2_text_color=&#8221;#FFFFFF&#8221; background_color=&#8221;gcid-9cd30497-133c-4558-9195-aa723212bad7&#8243; positioning=&#8221;absolute&#8221; vertical_offset=&#8221;30px&#8221; width=&#8221;140px&#8221; custom_margin=&#8221;||0px||false|false&#8221; custom_padding=&#8221;10px|15px|10px|15px|true|true&#8221; border_radii=&#8221;off||5px|5px|&#8221; global_colors_info=&#8221;{%22gcid-9cd30497-133c-4558-9195-aa723212bad7%22:%91%22background_color%22%93}&#8221;]<\/p>\n<h2 class=\"smaller-title\"><i class=\"fa-solid fa-industry\"><\/i> Industri<\/h2>\n<p>[\/et_pb_text][et_pb_text _builder_version=&#8221;4.27.4&#8243; _module_preset=&#8221;default&#8221; text_text_color=&#8221;#FFFFFF&#8221; header_2_text_color=&#8221;#FFFFFF&#8221; custom_padding=&#8221;20px||||false|false&#8221; global_colors_info=&#8221;{}&#8221;]Ventiler och l\u00f6sningar f\u00f6r kr\u00e4vande industrimilj\u00f6er, med fokus p\u00e5 drifts\u00e4kerhet och anpassning.[\/et_pb_text][\/et_pb_column][\/et_pb_row][\/et_pb_section][et_pb_section fb_built=&#8221;1&#8243; custom_padding_last_edited=&#8221;on|phone&#8221; _builder_version=&#8221;4.27.4&#8243; _module_preset=&#8221;default&#8221; background_color=&#8221;gcid-6927f7ea-8632-4922-ab8d-51822bdd5b37&#8243; custom_padding=&#8221;100px|50px|100px|50px|true|true&#8221; custom_padding_tablet=&#8221;80px|30px|80px|30px|true|true&#8221; custom_padding_phone=&#8221;50px|20px|50px|20px|true|true&#8221; global_colors_info=&#8221;{%22gcid-6927f7ea-8632-4922-ab8d-51822bdd5b37%22:%91%22background_color%22%93}&#8221;][et_pb_row column_structure=&#8221;1_2,1_2&#8243; make_equal=&#8221;on&#8221; module_class=&#8221;split-section pl-0 split-content-align-center&#8221; _builder_version=&#8221;4.27.4&#8243; _module_preset=&#8221;default&#8221; width=&#8221;100%&#8221; max_width=&#8221;1200px&#8221; custom_padding=&#8221;0px||0px||false|false&#8221; global_colors_info=&#8221;{}&#8221;][et_pb_column type=&#8221;1_2&#8243; _builder_version=&#8221;4.27.4&#8243; _module_preset=&#8221;default&#8221; global_colors_info=&#8221;{}&#8221;][et_pb_text module_class=&#8221;btn btn-wrapper btn-secondary-filled&#8221; _builder_version=&#8221;4.27.4&#8243; _module_preset=&#8221;default&#8221; global_colors_info=&#8221;{}&#8221;]<\/p>\n<h2>Vi erbjuder speciall\u00f6sningar till projekt inom marina- och industriella milj\u00f6er<\/h2>\n<p>Med l\u00e5ng erfarenhet och ett brett sortiment av ventiler och st\u00e4lldon kan vi anpassa v\u00e5ra l\u00f6sningar efter de mest kr\u00e4vande milj\u00f6erna. Oavsett om det g\u00e4ller marina system, olje- och gasprojekt eller industriella processer hittar vi en p\u00e5litlig l\u00f6sning som m\u00f6ter dina behov. <strong>Kontakta oss g\u00e4rna f\u00f6r att diskutera ditt projekt och hur vi kan hj\u00e4lpa dig vidare.<\/strong><br \/>\n<a href=\"#\">Kontakta oss f\u00f6r en offert<\/a>[\/et_pb_text][\/et_pb_column][et_pb_column type=&#8221;1_2&#8243; _builder_version=&#8221;4.27.4&#8243; _module_preset=&#8221;default&#8221; global_colors_info=&#8221;{}&#8221;][et_pb_image src=&#8221;https:\/\/ceonab.se\/wp-content\/uploads\/2022\/07\/AdobeStock_486336375-scaled-e1657872943201.jpeg&#8221; title_text=&#8221;Large industrial water treatment and boiler room. Shiny steel me&#8221; _builder_version=&#8221;4.27.4&#8243; _module_preset=&#8221;default&#8221; global_colors_info=&#8221;{}&#8221;][\/et_pb_image][\/et_pb_column][\/et_pb_row][\/et_pb_section][et_pb_section fb_built=&#8221;1&#8243; custom_padding_last_edited=&#8221;on|phone&#8221; _builder_version=&#8221;4.27.4&#8243; _module_preset=&#8221;default&#8221; custom_padding=&#8221;100px|50px|100px|50px|true|true&#8221; custom_padding_tablet=&#8221;80px|30px|80px|30px|true|true&#8221; custom_padding_phone=&#8221;50px|20px|50px|20px|true|true&#8221; global_colors_info=&#8221;{}&#8221;][et_pb_row column_structure=&#8221;1_2,1_2&#8243; make_equal=&#8221;on&#8221; module_class=&#8221;split-section pr-0 split-content-align-center reverse&#8221; _builder_version=&#8221;4.27.4&#8243; _module_preset=&#8221;default&#8221; width=&#8221;100%&#8221; max_width=&#8221;1200px&#8221; custom_padding=&#8221;0px||0px||false|false&#8221; global_colors_info=&#8221;{}&#8221;][et_pb_column type=&#8221;1_2&#8243; _builder_version=&#8221;4.27.4&#8243; _module_preset=&#8221;default&#8221; global_colors_info=&#8221;{}&#8221;][et_pb_image src=&#8221;https:\/\/ceonab.se\/wp-content\/uploads\/2025\/04\/calv-1000px.jpg&#8221; title_text=&#8221;calv-1000px&#8221; _builder_version=&#8221;4.27.4&#8243; _module_preset=&#8221;default&#8221; global_colors_info=&#8221;{}&#8221;][\/et_pb_image][\/et_pb_column][et_pb_column type=&#8221;1_2&#8243; _builder_version=&#8221;4.27.4&#8243; _module_preset=&#8221;default&#8221; global_colors_info=&#8221;{}&#8221;][et_pb_text module_class=&#8221;btn btn-primary-filled btn-wrapper&#8221; _builder_version=&#8221;4.27.4&#8243; _module_preset=&#8221;default&#8221; global_colors_info=&#8221;{}&#8221;]<\/p>\n<h2>Svensk kvalitet med global erfarenhet<\/h2>\n<p>Vi designar, producerar och lagerh\u00e5ller ett brett utbud av produkter f\u00f6r industriella och marina applikationer. Vi har en mycket l\u00e5ng erfarenhet av att leverera ventiler och st\u00e4lldon \u00f6ver hela v\u00e4rlden till n\u00e5gra av de mest kr\u00e4vande applikationerna som m\u00f6jligt.<\/p>\n<p>Vi levererar h\u00f6gkvalitativa produkter med korrekta certifikat och dokumentation, och v\u00e4lkomnar alla gamla och nya seder. Vi \u00e4r en snabb och v\u00e4lutbildad organisation som kommer att g\u00f6ra det enkelt f\u00f6r dig och dina krav.<br \/>\n<a href=\"\/om-oss\/\">L\u00e4s mer om oss<\/a>[\/et_pb_text][\/et_pb_column][\/et_pb_row][\/et_pb_section][et_pb_section fb_built=&#8221;1&#8243; custom_padding_last_edited=&#8221;on|phone&#8221; _builder_version=&#8221;4.27.4&#8243; _module_preset=&#8221;default&#8221; background_color=&#8221;gcid-6927f7ea-8632-4922-ab8d-51822bdd5b37&#8243; custom_padding=&#8221;100px|50px|100px|50px|true|true&#8221; custom_padding_tablet=&#8221;80px|30px|80px|30px|true|true&#8221; custom_padding_phone=&#8221;50px|20px|50px|20px|true|true&#8221; global_colors_info=&#8221;{%22gcid-6927f7ea-8632-4922-ab8d-51822bdd5b37%22:%91%22background_color%22%93}&#8221;][et_pb_row make_equal=&#8221;on&#8221; _builder_version=&#8221;4.27.4&#8243; _module_preset=&#8221;default&#8221; width=&#8221;100%&#8221; max_width=&#8221;1100px&#8221; custom_margin=&#8221;||30px||false|false&#8221; custom_padding=&#8221;0px||0px||false|false&#8221; global_colors_info=&#8221;{}&#8221;][et_pb_column type=&#8221;4_4&#8243; _builder_version=&#8221;4.27.4&#8243; _module_preset=&#8221;default&#8221; global_colors_info=&#8221;{}&#8221;][et_pb_text _builder_version=&#8221;4.27.4&#8243; _module_preset=&#8221;default&#8221; max_width=&#8221;700px&#8221; global_colors_info=&#8221;{}&#8221;]<\/p>\n<h2>Popul\u00e4ra produkter<\/h2>\n<p>Hos CEON AB hittar du ventiler och st\u00e4lldon som uppskattas av kunder v\u00e4rlden \u00f6ver. Vi kombinerar h\u00f6g kvalitet med snabb leverans och korrekt dokumentation, vilket g\u00f6r v\u00e5ra produkter till ett tryggt val f\u00f6r b\u00e5de marina och industriella applikationer.[\/et_pb_text][\/et_pb_column][\/et_pb_row][et_pb_row make_equal=&#8221;on&#8221; module_class=&#8221;products-wrapper&#8221; _builder_version=&#8221;4.27.4&#8243; _module_preset=&#8221;default&#8221; width=&#8221;100%&#8221; max_width=&#8221;1120px&#8221; custom_padding=&#8221;0px||0px||false|false&#8221; global_colors_info=&#8221;{}&#8221;][et_pb_column type=&#8221;4_4&#8243; _builder_version=&#8221;4.27.4&#8243; _module_preset=&#8221;default&#8221; global_colors_info=&#8221;{}&#8221;][et_pb_shop posts_number=&#8221;3&#8243; columns_number=&#8221;3&#8243; orderby=&#8221;popularity&#8221; module_class=&#8221;products-start&#8221; _builder_version=&#8221;4.27.4&#8243; _module_preset=&#8221;default&#8221; global_colors_info=&#8221;{}&#8221;][\/et_pb_shop][\/et_pb_column][\/et_pb_row][et_pb_row make_equal=&#8221;on&#8221; _builder_version=&#8221;4.27.4&#8243; _module_preset=&#8221;default&#8221; width=&#8221;100%&#8221; max_width=&#8221;1100px&#8221; custom_padding=&#8221;0px||0px||false|false&#8221; global_colors_info=&#8221;{}&#8221;][et_pb_column type=&#8221;4_4&#8243; _builder_version=&#8221;4.27.4&#8243; _module_preset=&#8221;default&#8221; global_colors_info=&#8221;{}&#8221;][et_pb_text module_class=&#8221;btn btn-secondary-filled&#8221; _builder_version=&#8221;4.27.4&#8243; _module_preset=&#8221;default&#8221; global_colors_info=&#8221;{}&#8221;]<a href=\"\">Se alla v\u00e5ra produkter >><\/a>[\/et_pb_text][\/et_pb_column][\/et_pb_row][\/et_pb_section][et_pb_section fb_built=&#8221;1&#8243; custom_padding_last_edited=&#8221;on|phone&#8221; module_class=&#8221;overlay-dark&#8221; _builder_version=&#8221;4.27.4&#8243; _module_preset=&#8221;default&#8221; background_image=&#8221;https:\/\/ceonab.se\/wp-content\/uploads\/2025\/04\/ceon-lager-2000px.jpg&#8221; custom_padding=&#8221;200px|50px|200px|50px|true|true&#8221; custom_padding_tablet=&#8221;80px|30px|80px|30px|true|true&#8221; custom_padding_phone=&#8221;50px|20px|50px|20px|true|true&#8221; global_colors_info=&#8221;{}&#8221;][et_pb_row make_equal=&#8221;on&#8221; _builder_version=&#8221;4.27.4&#8243; _module_preset=&#8221;default&#8221; width=&#8221;100%&#8221; max_width=&#8221;1100px&#8221; custom_padding=&#8221;0px||0px||false|false&#8221; global_colors_info=&#8221;{}&#8221;][et_pb_column type=&#8221;4_4&#8243; _builder_version=&#8221;4.27.4&#8243; _module_preset=&#8221;default&#8221; global_colors_info=&#8221;{}&#8221;][et_pb_text module_class=&#8221;big-text btn btn-secondary-filled  btn-wrapper&#8221; _builder_version=&#8221;4.27.4&#8243; _module_preset=&#8221;default&#8221; text_text_color=&#8221;#FFFFFF&#8221; header_2_text_color=&#8221;#FFFFFF&#8221; max_width=&#8221;800px&#8221; global_colors_info=&#8221;{}&#8221;]<\/p>\n<h2>Fr\u00e5ga g\u00e4rna oss!<\/h2>\n<p>Har du fr\u00e5gor om v\u00e5ra ventiler, st\u00e4lldon eller speciall\u00f6sningar? Vi hj\u00e4lper dig g\u00e4rna att hitta r\u00e4tt produkt och guidar dig genom hela processen \u2013 fr\u00e5n f\u00f6rsta kontakt till leverans. Kontakta oss idag s\u00e5 ber\u00e4ttar vi mer.<\/p>\n<p><a href=\"\/kontakt\/\">Kontakta oss<\/a>[\/et_pb_text][\/et_pb_column][\/et_pb_row][\/et_pb_section]<\/p>\n","protected":false},"excerpt":{"rendered":"<p>En svenskbaserad specialist p\u00e5 ventiler och st\u00e4lldon Vi kombinerar svensk kvalitet med global leveransf\u00f6rm\u00e5ga. Ceon AB har l\u00e5ng erfarenhet av att leverera ventil- och st\u00e4lldonsl\u00f6sningar till kr\u00e4vande industriella och marina milj\u00f6er \u2013 alltid med fokus p\u00e5 p\u00e5litlighet, dokumentation och personlig service.V\u00e5ra produkter Marint Olja &amp; gas Allm\u00e4n industri V\u00e5ra produktomr\u00e5den MarintP\u00e5litliga ventiler och st\u00e4lldon f\u00f6r [&hellip;]<\/p>\n","protected":false},"author":8,"featured_media":0,"parent":0,"menu_order":0,"comment_status":"closed","ping_status":"closed","template":"","meta":{"_et_pb_use_builder":"on","_et_pb_old_content":"","_et_gb_content_width":"","footnotes":""},"class_list":["post-1779","page","type-page","status-publish","hentry"],"yoast_head":"<!-- This site is optimized with the Yoast SEO plugin v27.4 - https:\/\/yoast.com\/product\/yoast-seo-wordpress\/ -->\n<title>Hem - Ceon AB<\/title>\n<meta name=\"robots\" content=\"index, follow, max-snippet:-1, max-image-preview:large, max-video-preview:-1\" \/>\n<link rel=\"canonical\" href=\"https:\/\/ceonab.se\/en\/\" \/>\n<meta property=\"og:locale\" content=\"en_US\" \/>\n<meta property=\"og:type\" content=\"article\" \/>\n<meta property=\"og:title\" content=\"Hem - Ceon AB\" \/>\n<meta property=\"og:description\" content=\"En svenskbaserad specialist p\u00e5 ventiler och st\u00e4lldon Vi kombinerar svensk kvalitet med global leveransf\u00f6rm\u00e5ga. Ceon AB har l\u00e5ng erfarenhet av att leverera ventil- och st\u00e4lldonsl\u00f6sningar till kr\u00e4vande industriella och marina milj\u00f6er \u2013 alltid med fokus p\u00e5 p\u00e5litlighet, dokumentation och personlig service.V\u00e5ra produkter Marint Olja &amp; gas Allm\u00e4n industri V\u00e5ra produktomr\u00e5den MarintP\u00e5litliga ventiler och st\u00e4lldon f\u00f6r [&hellip;]\" \/>\n<meta property=\"og:url\" content=\"https:\/\/ceonab.se\/en\/\" \/>\n<meta property=\"og:site_name\" content=\"Ceon AB\" \/>\n<meta property=\"article:modified_time\" content=\"2026-01-07T07:28:41+00:00\" \/>\n<meta name=\"twitter:card\" content=\"summary_large_image\" \/>\n<script type=\"application\/ld+json\" class=\"yoast-schema-graph\">{\"@context\":\"https:\\\/\\\/schema.org\",\"@graph\":[{\"@type\":\"WebPage\",\"@id\":\"https:\\\/\\\/ceonab.se\\\/\",\"url\":\"https:\\\/\\\/ceonab.se\\\/\",\"name\":\"Hem - Ceon AB\",\"isPartOf\":{\"@id\":\"https:\\\/\\\/ceonab.se\\\/#website\"},\"datePublished\":\"2025-04-10T05:29:30+00:00\",\"dateModified\":\"2026-01-07T07:28:41+00:00\",\"breadcrumb\":{\"@id\":\"https:\\\/\\\/ceonab.se\\\/#breadcrumb\"},\"inLanguage\":\"en-US\",\"potentialAction\":[{\"@type\":\"ReadAction\",\"target\":[\"https:\\\/\\\/ceonab.se\\\/\"]}]},{\"@type\":\"BreadcrumbList\",\"@id\":\"https:\\\/\\\/ceonab.se\\\/#breadcrumb\",\"itemListElement\":[{\"@type\":\"ListItem\",\"position\":1,\"name\":\"Hem\",\"item\":\"https:\\\/\\\/ceonab.se\\\/\"},{\"@type\":\"ListItem\",\"position\":2,\"name\":\"Hem\"}]},{\"@type\":\"WebSite\",\"@id\":\"https:\\\/\\\/ceonab.se\\\/#website\",\"url\":\"https:\\\/\\\/ceonab.se\\\/\",\"name\":\"Ceon AB\",\"description\":\"En svenskbaserad specialist p\u00e5 ventiler och st\u00e4lldon\",\"potentialAction\":[{\"@type\":\"SearchAction\",\"target\":{\"@type\":\"EntryPoint\",\"urlTemplate\":\"https:\\\/\\\/ceonab.se\\\/?s={search_term_string}\"},\"query-input\":{\"@type\":\"PropertyValueSpecification\",\"valueRequired\":true,\"valueName\":\"search_term_string\"}}],\"inLanguage\":\"en-US\"}]}<\/script>\n<!-- \/ Yoast SEO plugin. -->","yoast_head_json":{"title":"Home - Ceon AB","robots":{"index":"index","follow":"follow","max-snippet":"max-snippet:-1","max-image-preview":"max-image-preview:large","max-video-preview":"max-video-preview:-1"},"canonical":"https:\/\/ceonab.se\/en\/","og_locale":"en_US","og_type":"article","og_title":"Hem - Ceon AB","og_description":"En svenskbaserad specialist p\u00e5 ventiler och st\u00e4lldon Vi kombinerar svensk kvalitet med global leveransf\u00f6rm\u00e5ga. Ceon AB har l\u00e5ng erfarenhet av att leverera ventil- och st\u00e4lldonsl\u00f6sningar till kr\u00e4vande industriella och marina milj\u00f6er \u2013 alltid med fokus p\u00e5 p\u00e5litlighet, dokumentation och personlig service.V\u00e5ra produkter Marint Olja &amp; gas Allm\u00e4n industri V\u00e5ra produktomr\u00e5den MarintP\u00e5litliga ventiler och st\u00e4lldon f\u00f6r [&hellip;]","og_url":"https:\/\/ceonab.se\/en\/","og_site_name":"Ceon AB","article_modified_time":"2026-01-07T07:28:41+00:00","twitter_card":"summary_large_image","schema":{"@context":"https:\/\/schema.org","@graph":[{"@type":"WebPage","@id":"https:\/\/ceonab.se\/","url":"https:\/\/ceonab.se\/","name":"Home - Ceon AB","isPartOf":{"@id":"https:\/\/ceonab.se\/#website"},"datePublished":"2025-04-10T05:29:30+00:00","dateModified":"2026-01-07T07:28:41+00:00","breadcrumb":{"@id":"https:\/\/ceonab.se\/#breadcrumb"},"inLanguage":"en-US","potentialAction":[{"@type":"ReadAction","target":["https:\/\/ceonab.se\/"]}]},{"@type":"BreadcrumbList","@id":"https:\/\/ceonab.se\/#breadcrumb","itemListElement":[{"@type":"ListItem","position":1,"name":"Hem","item":"https:\/\/ceonab.se\/"},{"@type":"ListItem","position":2,"name":"Hem"}]},{"@type":"WebSite","@id":"https:\/\/ceonab.se\/#website","url":"https:\/\/ceonab.se\/","name":"Ceon AB","description":"A Swedish-based specialist in valves and actuators","potentialAction":[{"@type":"SearchAction","target":{"@type":"EntryPoint","urlTemplate":"https:\/\/ceonab.se\/?s={search_term_string}"},"query-input":{"@type":"PropertyValueSpecification","valueRequired":true,"valueName":"search_term_string"}}],"inLanguage":"en-US"}]}},"jetpack_sharing_enabled":true,"_links":{"self":[{"href":"https:\/\/ceonab.se\/en\/wp-json\/wp\/v2\/pages\/1779","targetHints":{"allow":["GET"]}}],"collection":[{"href":"https:\/\/ceonab.se\/en\/wp-json\/wp\/v2\/pages"}],"about":[{"href":"https:\/\/ceonab.se\/en\/wp-json\/wp\/v2\/types\/page"}],"author":[{"embeddable":true,"href":"https:\/\/ceonab.se\/en\/wp-json\/wp\/v2\/users\/8"}],"replies":[{"embeddable":true,"href":"https:\/\/ceonab.se\/en\/wp-json\/wp\/v2\/comments?post=1779"}],"version-history":[{"count":0,"href":"https:\/\/ceonab.se\/en\/wp-json\/wp\/v2\/pages\/1779\/revisions"}],"wp:attachment":[{"href":"https:\/\/ceonab.se\/en\/wp-json\/wp\/v2\/media?parent=1779"}],"curies":[{"name":"wp","href":"https:\/\/api.w.org\/{rel}","templated":true}]}}