{"id":108,"date":"2022-09-27T14:43:23","date_gmt":"2022-09-27T12:43:23","guid":{"rendered":"http:\/\/dev.ceonab.se\/?page_id=108"},"modified":"2025-12-11T11:07:08","modified_gmt":"2025-12-11T10:07:08","slug":"aterbetalning_returer","status":"publish","type":"page","link":"https:\/\/ceonab.se\/en\/aterbetalning_returer\/","title":{"rendered":"\u00c5terbetalnings- och returpolicy"},"content":{"rendered":"<p>[et_pb_section fb_built=&#8221;1&#8243; _builder_version=&#8221;4.16&#8243; global_colors_info=&#8221;{}&#8221;][et_pb_row _builder_version=&#8221;4.27.5&#8243; _module_preset=&#8221;default&#8221; hover_enabled=&#8221;0&#8243; global_colors_info=&#8221;{}&#8221; width=&#8221;100%&#8221; max_width=&#8221;900px&#8221; sticky_enabled=&#8221;0&#8243;][et_pb_column type=&#8221;4_4&#8243; _builder_version=&#8221;4.18.0&#8243; _module_preset=&#8221;default&#8221; global_colors_info=&#8221;{}&#8221;][et_pb_text _builder_version=&#8221;4.27.5&#8243; _module_preset=&#8221;default&#8221; header_3_font_size=&#8221;26px&#8221; header_4_font_size=&#8221;20px&#8221; hover_enabled=&#8221;0&#8243; global_colors_info=&#8221;{}&#8221; sticky_enabled=&#8221;0&#8243;]<\/p>\n<h1>\u00c5ngerr\u00e4tt &#038; returer<\/h1>\n<h3>\u00d6versikt<\/h3>\n<p>V\u00e5r \u00e5terbetalnings- och returpolicy varar i 30 dagar. Om 30 dagar har g\u00e5tt sedan ditt k\u00f6p kan vi inte erbjuda dig full \u00e5terbetalning eller byte.<\/p>\n<p>F\u00f6r att vara ber\u00e4ttigad till retur m\u00e5ste din vara vara oanv\u00e4nd och i samma skick som du fick den. Den ska ocks\u00e5 vara i originalf\u00f6rpackningen.<\/p>\n<p>F\u00f6r att slutf\u00f6ra din retur beh\u00f6ver vi ett kvitto eller k\u00f6pbevis.<\/p>\n<p>Skicka inte tillbaka ditt k\u00f6p till tillverkaren.<\/p>\n<p>&nbsp;<\/p>\n<h3>\u00c5terbetalningar<\/h3>\n<p>N\u00e4r din retur har mottagits och inspekterats skickar vi ett e-postmeddelande till dig f\u00f6r att meddela att vi har tagit emot din returnerade vara. Vi kommer ocks\u00e5 att meddela dig om godk\u00e4nnande eller avslag p\u00e5 din \u00e5terbetalning.<\/p>\n<p>Om du blir godk\u00e4nd kommer din \u00e5terbetalning att behandlas och en kredit kommer automatiskt att till\u00e4mpas p\u00e5 ditt kreditkort eller din ursprungliga betalningsmetod, inom ett visst antal dagar.<\/p>\n<p>&nbsp;<\/p>\n<h4>F\u00f6rsenade eller saknade \u00e5terbetalningar<\/h4>\n<p>Om du inte har f\u00e5tt n\u00e5gon \u00e5terbetalning \u00e4nnu, kontrollera f\u00f6rst ditt bankkonto igen.<\/p>\n<p>Kontakta sedan ditt kreditkortsf\u00f6retag, det kan ta lite tid innan din \u00e5terbetalning publiceras officiellt.<\/p>\n<p>Kontakta sedan din bank. Det \u00e4r ofta en viss handl\u00e4ggningstid innan en \u00e5terbetalning bokf\u00f6rs.<\/p>\n<p>Om du har gjort allt detta och du fortfarande inte har f\u00e5tt din \u00e5terbetalning \u00e4n, v\u00e4nligen kontakta oss p\u00e5 <a href=\"mailto:info@ceonab.se\">info@ceonab.se<\/a>.<\/p>\n<p>&nbsp;<\/p>\n<h4>F\u00f6rs\u00e4ljningsartiklar<\/h4>\n<p>Endast ordinarie prissatta varor kan \u00e5terbetalas. Reavaror kan inte \u00e5terbetalas.<\/p>\n<p>&nbsp;<\/p>\n<h3>Utbyten<\/h3>\n<p>Vi byter endast ut varor om de \u00e4r defekta eller skadade. Beh\u00f6ver du byta den mot samma vara, skicka oss ett mail p\u00e5 info@ceonab.se och skicka din vara till: K\u00f6vlinge 110, 312 94 Laholm.<\/p>\n<p>&nbsp;<\/p>\n<h3>Frakt &amp; Retur<\/h3>\n<p>F\u00f6r att returnera din produkt ska du posta din produkt till: K\u00f6vlinge 110, 312 94 Laholm.<\/p>\n<p>Du kommer att st\u00e5 f\u00f6r dina egna fraktkostnader f\u00f6r att returnera din vara. Fraktkostnader \u00e5terbetalas ej. Om du f\u00e5r en \u00e5terbetalning kommer kostnaden f\u00f6r returfrakten att dras av fr\u00e5n din \u00e5terbetalning.<\/p>\n<p>Beroende p\u00e5 var du bor kan tiden det kan ta f\u00f6r din utbytta produkt att n\u00e5 dig variera.<\/p>\n<p>Om du returnerar dyrare varor kan du \u00f6verv\u00e4ga att anv\u00e4nda en sp\u00e5rbar frakttj\u00e4nst eller k\u00f6pa fraktf\u00f6rs\u00e4kring. Vi garanterar inte att vi kommer att ta emot din returnerade vara.<\/p>\n<p>&nbsp;<\/p>\n<h4>Beh\u00f6vs hj\u00e4lp?<\/h4>\n<p>Kontakta oss p\u00e5 info@ceonab.se f\u00f6r fr\u00e5gor relaterade till \u00e5terbetalningar och returer.[\/et_pb_text][\/et_pb_column][\/et_pb_row][\/et_pb_section]<\/p>\n","protected":false},"excerpt":{"rendered":"<p>\u00c5ngerr\u00e4tt &#038; returer \u00d6versikt V\u00e5r \u00e5terbetalnings- och returpolicy varar i 30 dagar. Om 30 dagar har g\u00e5tt sedan ditt k\u00f6p kan vi inte erbjuda dig full \u00e5terbetalning eller byte. F\u00f6r att vara ber\u00e4ttigad till retur m\u00e5ste din vara vara oanv\u00e4nd och i samma skick som du fick den. Den ska ocks\u00e5 vara i originalf\u00f6rpackningen. F\u00f6r [&hellip;]<\/p>\n","protected":false},"author":1,"featured_media":0,"parent":0,"menu_order":0,"comment_status":"closed","ping_status":"closed","template":"","meta":{"_et_pb_use_builder":"on","_et_pb_old_content":"<!-- wp:paragraph -->\n<p><b>This is a sample page.<\/b><\/p>\n<!-- \/wp:paragraph -->\n\n<!-- wp:paragraph -->\n<p><h3>Overview<\/h3><\/p>\n<!-- \/wp:paragraph -->\n\n<!-- wp:paragraph -->\n<p>Our refund and returns policy lasts 30 days. If 30 days have passed since your purchase, we can\u2019t offer you a full refund or exchange.<\/p>\n<!-- \/wp:paragraph -->\n\n<!-- wp:paragraph -->\n<p>To be eligible for a return, your item must be unused and in the same condition that you received it. It must also be in the original packaging.<\/p>\n<!-- \/wp:paragraph -->\n\n<!-- wp:paragraph -->\n<p>Several types of goods are exempt from being returned. Perishable goods such as food, flowers, newspapers or magazines cannot be returned. We also do not accept products that are intimate or sanitary goods, hazardous materials, or flammable liquids or gases.<\/p>\n<!-- \/wp:paragraph -->\n\n<!-- wp:paragraph -->\n<p>Additional non-returnable items:<\/p>\n<!-- \/wp:paragraph -->\n\n<!-- wp:list -->\n<ul><li>Gift cards<\/li><li>Downloadable software products<\/li><li>Some health and personal care items<\/li><\/ul>\n<!-- \/wp:list -->\n\n<!-- wp:paragraph -->\n<p>To complete your return, we require a receipt or proof of purchase.<\/p>\n<!-- \/wp:paragraph -->\n\n<!-- wp:paragraph -->\n<p>Please do not send your purchase back to the manufacturer.<\/p>\n<!-- \/wp:paragraph -->\n\n<!-- wp:paragraph -->\n<p>There are certain situations where only partial refunds are granted:<\/p>\n<!-- \/wp:paragraph -->\n\n<!-- wp:list -->\n<ul><li>Book with obvious signs of use<\/li><li>CD, DVD, VHS tape, software, video game, cassette tape, or vinyl record that has been opened.<\/li><li>Any item not in its original condition, is damaged or missing parts for reasons not due to our error.<\/li><li>Any item that is returned more than 30 days after delivery<\/li><\/ul>\n<!-- \/wp:list -->\n\n<!-- wp:paragraph -->\n<p><h2>Refunds<\/h2><\/p>\n<!-- \/wp:paragraph -->\n\n<!-- wp:paragraph -->\n<p>Once your return is received and inspected, we will send you an email to notify you that we have received your returned item. We will also notify you of the approval or rejection of your refund.<\/p>\n<!-- \/wp:paragraph -->\n\n<!-- wp:paragraph -->\n<p>If you are approved, then your refund will be processed, and a credit will automatically be applied to your credit card or original method of payment, within a certain amount of days.<\/p>\n<!-- \/wp:paragraph -->\n\n<!-- wp:paragraph -->\n<p><b>Late or missing refunds<\/b><\/p>\n<!-- \/wp:paragraph -->\n\n<!-- wp:paragraph -->\n<p>If you haven\u2019t received a refund yet, first check your bank account again.<\/p>\n<!-- \/wp:paragraph -->\n\n<!-- wp:paragraph -->\n<p>Then contact your credit card company, it may take some time before your refund is officially posted.<\/p>\n<!-- \/wp:paragraph -->\n\n<!-- wp:paragraph -->\n<p>Next contact your bank. There is often some processing time before a refund is posted.<\/p>\n<!-- \/wp:paragraph -->\n\n<!-- wp:paragraph -->\n<p>If you\u2019ve done all of this and you still have not received your refund yet, please contact us at {email address}.<\/p>\n<!-- \/wp:paragraph -->\n\n<!-- wp:paragraph -->\n<p><b>Sale items<\/b><\/p>\n<!-- \/wp:paragraph -->\n\n<!-- wp:paragraph -->\n<p>Only regular priced items may be refunded. Sale items cannot be refunded.<\/p>\n<!-- \/wp:paragraph -->\n\n<!-- wp:paragraph -->\n<p><h2>Exchanges<\/h2><\/p>\n<!-- \/wp:paragraph -->\n\n<!-- wp:paragraph -->\n<p>We only replace items if they are defective or damaged. If you need to exchange it for the same item, send us an email at {email address} and send your item to: {physical address}.<\/p>\n<!-- \/wp:paragraph -->\n\n<!-- wp:paragraph -->\n<p><h2>Gifts<\/h2><\/p>\n<!-- \/wp:paragraph -->\n\n<!-- wp:paragraph -->\n<p>If the item was marked as a gift when purchased and shipped directly to you, you\u2019ll receive a gift credit for the value of your return. Once the returned item is received, a gift certificate will be mailed to you.<\/p>\n<!-- \/wp:paragraph -->\n\n<!-- wp:paragraph -->\n<p>If the item wasn\u2019t marked as a gift when purchased, or the gift giver had the order shipped to themselves to give to you later, we will send a refund to the gift giver and they will find out about your return.<\/p>\n<!-- \/wp:paragraph -->\n\n<!-- wp:paragraph -->\n<p><h2>Shipping returns<\/h2><\/p>\n<!-- \/wp:paragraph -->\n\n<!-- wp:paragraph -->\n<p>To return your product, you should mail your product to: {physical address}.<\/p>\n<!-- \/wp:paragraph -->\n\n<!-- wp:paragraph -->\n<p>You will be responsible for paying for your own shipping costs for returning your item. Shipping costs are non-refundable. If you receive a refund, the cost of return shipping will be deducted from your refund.<\/p>\n<!-- \/wp:paragraph -->\n\n<!-- wp:paragraph -->\n<p>Depending on where you live, the time it may take for your exchanged product to reach you may vary.<\/p>\n<!-- \/wp:paragraph -->\n\n<!-- wp:paragraph -->\n<p>If you are returning more expensive items, you may consider using a trackable shipping service or purchasing shipping insurance. We don\u2019t guarantee that we will receive your returned item.<\/p>\n<!-- \/wp:paragraph -->\n\n<!-- wp:paragraph -->\n<p><h2>Need help?<\/h2><\/p>\n<!-- \/wp:paragraph -->\n\n<!-- wp:paragraph -->\n<p>Contact us at {email} for questions related to refunds and returns.<\/p>\n<!-- \/wp:paragraph -->","_et_gb_content_width":"","footnotes":""},"class_list":["post-108","page","type-page","status-publish","hentry"],"yoast_head":"<!-- This site is optimized with the Yoast SEO plugin v27.1.1 - https:\/\/yoast.com\/product\/yoast-seo-wordpress\/ -->\n<title>\u00c5terbetalnings- och returpolicy - Ceon AB<\/title>\n<meta name=\"robots\" content=\"index, follow, max-snippet:-1, max-image-preview:large, max-video-preview:-1\" \/>\n<link rel=\"canonical\" href=\"https:\/\/ceonab.se\/en\/aterbetalning_returer\/\" \/>\n<meta property=\"og:locale\" content=\"en_US\" \/>\n<meta property=\"og:type\" content=\"article\" \/>\n<meta property=\"og:title\" content=\"\u00c5terbetalnings- och returpolicy - Ceon AB\" \/>\n<meta property=\"og:description\" content=\"\u00c5ngerr\u00e4tt &amp; returer \u00d6versikt V\u00e5r \u00e5terbetalnings- och returpolicy varar i 30 dagar. Om 30 dagar har g\u00e5tt sedan ditt k\u00f6p kan vi inte erbjuda dig full \u00e5terbetalning eller byte. F\u00f6r att vara ber\u00e4ttigad till retur m\u00e5ste din vara vara oanv\u00e4nd och i samma skick som du fick den. Den ska ocks\u00e5 vara i originalf\u00f6rpackningen. F\u00f6r [&hellip;]\" \/>\n<meta property=\"og:url\" content=\"https:\/\/ceonab.se\/en\/aterbetalning_returer\/\" \/>\n<meta property=\"og:site_name\" content=\"Ceon AB\" \/>\n<meta property=\"article:modified_time\" content=\"2025-12-11T10:07:08+00:00\" \/>\n<meta name=\"twitter:card\" content=\"summary_large_image\" \/>\n<meta name=\"twitter:label1\" content=\"Est. reading time\" \/>\n\t<meta name=\"twitter:data1\" content=\"3 minutes\" \/>\n<script type=\"application\/ld+json\" class=\"yoast-schema-graph\">{\"@context\":\"https:\/\/schema.org\",\"@graph\":[{\"@type\":\"WebPage\",\"@id\":\"https:\/\/ceonab.se\/aterbetalning_returer\/\",\"url\":\"https:\/\/ceonab.se\/aterbetalning_returer\/\",\"name\":\"\u00c5terbetalnings- och returpolicy - Ceon AB\",\"isPartOf\":{\"@id\":\"https:\/\/ceonab.se\/#website\"},\"datePublished\":\"2022-09-27T12:43:23+00:00\",\"dateModified\":\"2025-12-11T10:07:08+00:00\",\"breadcrumb\":{\"@id\":\"https:\/\/ceonab.se\/aterbetalning_returer\/#breadcrumb\"},\"inLanguage\":\"en-US\",\"potentialAction\":[{\"@type\":\"ReadAction\",\"target\":[\"https:\/\/ceonab.se\/aterbetalning_returer\/\"]}]},{\"@type\":\"BreadcrumbList\",\"@id\":\"https:\/\/ceonab.se\/aterbetalning_returer\/#breadcrumb\",\"itemListElement\":[{\"@type\":\"ListItem\",\"position\":1,\"name\":\"Hem\",\"item\":\"https:\/\/ceonab.se\/\"},{\"@type\":\"ListItem\",\"position\":2,\"name\":\"\u00c5terbetalnings- och returpolicy\"}]},{\"@type\":\"WebSite\",\"@id\":\"https:\/\/ceonab.se\/#website\",\"url\":\"https:\/\/ceonab.se\/\",\"name\":\"Ceon AB\",\"description\":\"En svenskbaserad specialist p\u00e5 ventiler och st\u00e4lldon\",\"potentialAction\":[{\"@type\":\"SearchAction\",\"target\":{\"@type\":\"EntryPoint\",\"urlTemplate\":\"https:\/\/ceonab.se\/?s={search_term_string}\"},\"query-input\":{\"@type\":\"PropertyValueSpecification\",\"valueRequired\":true,\"valueName\":\"search_term_string\"}}],\"inLanguage\":\"en-US\"}]}<\/script>\n<!-- \/ Yoast SEO plugin. -->","yoast_head_json":{"title":"\u00c5terbetalnings- och returpolicy - Ceon AB","robots":{"index":"index","follow":"follow","max-snippet":"max-snippet:-1","max-image-preview":"max-image-preview:large","max-video-preview":"max-video-preview:-1"},"canonical":"https:\/\/ceonab.se\/en\/aterbetalning_returer\/","og_locale":"en_US","og_type":"article","og_title":"\u00c5terbetalnings- och returpolicy - Ceon AB","og_description":"\u00c5ngerr\u00e4tt & returer \u00d6versikt V\u00e5r \u00e5terbetalnings- och returpolicy varar i 30 dagar. Om 30 dagar har g\u00e5tt sedan ditt k\u00f6p kan vi inte erbjuda dig full \u00e5terbetalning eller byte. F\u00f6r att vara ber\u00e4ttigad till retur m\u00e5ste din vara vara oanv\u00e4nd och i samma skick som du fick den. Den ska ocks\u00e5 vara i originalf\u00f6rpackningen. F\u00f6r [&hellip;]","og_url":"https:\/\/ceonab.se\/en\/aterbetalning_returer\/","og_site_name":"Ceon AB","article_modified_time":"2025-12-11T10:07:08+00:00","twitter_card":"summary_large_image","twitter_misc":{"Est. reading time":"3 minutes"},"schema":{"@context":"https:\/\/schema.org","@graph":[{"@type":"WebPage","@id":"https:\/\/ceonab.se\/aterbetalning_returer\/","url":"https:\/\/ceonab.se\/aterbetalning_returer\/","name":"\u00c5terbetalnings- och returpolicy - Ceon AB","isPartOf":{"@id":"https:\/\/ceonab.se\/#website"},"datePublished":"2022-09-27T12:43:23+00:00","dateModified":"2025-12-11T10:07:08+00:00","breadcrumb":{"@id":"https:\/\/ceonab.se\/aterbetalning_returer\/#breadcrumb"},"inLanguage":"en-US","potentialAction":[{"@type":"ReadAction","target":["https:\/\/ceonab.se\/aterbetalning_returer\/"]}]},{"@type":"BreadcrumbList","@id":"https:\/\/ceonab.se\/aterbetalning_returer\/#breadcrumb","itemListElement":[{"@type":"ListItem","position":1,"name":"Hem","item":"https:\/\/ceonab.se\/"},{"@type":"ListItem","position":2,"name":"\u00c5terbetalnings- och returpolicy"}]},{"@type":"WebSite","@id":"https:\/\/ceonab.se\/#website","url":"https:\/\/ceonab.se\/","name":"Ceon AB","description":"A Swedish-based specialist in valves and actuators","potentialAction":[{"@type":"SearchAction","target":{"@type":"EntryPoint","urlTemplate":"https:\/\/ceonab.se\/?s={search_term_string}"},"query-input":{"@type":"PropertyValueSpecification","valueRequired":true,"valueName":"search_term_string"}}],"inLanguage":"en-US"}]}},"jetpack_sharing_enabled":true,"_links":{"self":[{"href":"https:\/\/ceonab.se\/en\/wp-json\/wp\/v2\/pages\/108","targetHints":{"allow":["GET"]}}],"collection":[{"href":"https:\/\/ceonab.se\/en\/wp-json\/wp\/v2\/pages"}],"about":[{"href":"https:\/\/ceonab.se\/en\/wp-json\/wp\/v2\/types\/page"}],"author":[{"embeddable":true,"href":"https:\/\/ceonab.se\/en\/wp-json\/wp\/v2\/users\/1"}],"replies":[{"embeddable":true,"href":"https:\/\/ceonab.se\/en\/wp-json\/wp\/v2\/comments?post=108"}],"version-history":[{"count":0,"href":"https:\/\/ceonab.se\/en\/wp-json\/wp\/v2\/pages\/108\/revisions"}],"wp:attachment":[{"href":"https:\/\/ceonab.se\/en\/wp-json\/wp\/v2\/media?parent=108"}],"curies":[{"name":"wp","href":"https:\/\/api.w.org\/{rel}","templated":true}]}}